{"id":112,"date":"2026-04-18T09:27:29","date_gmt":"2026-04-18T09:27:29","guid":{"rendered":"http:\/\/funobi-75-141-196-227.traefik.me\/train-kit\/"},"modified":"2026-04-30T23:58:54","modified_gmt":"2026-04-30T23:58:54","slug":"train-kit","status":"publish","type":"page","link":"https:\/\/funobi.com\/de\/train-kit\/","title":{"rendered":"Train Kit"},"content":{"rendered":"\n<h2 class=\"wp-block-heading\">Baue eine Eisenbahnwelt, dann steig in die Lok und fahr durch das, was du gebaut hast.<\/h2>\n\n\n\n<p>Train Kit ist Funobis urspr\u00fcngliche Sandbox-Bau-App f\u00fcr iPhone und iPad, gemacht f\u00fcr neugierige Baumeister ab 3 Jahren, ohne Werbung, ohne In-App-K\u00e4ufe und mit einem einfachen Einmalzahlungsmodell.<\/p>\n\n\n\n<div class=\"wp-block-columns is-layout-flex wp-container-core-columns-is-layout-9d6595d7 wp-block-columns-is-layout-flex\">\n<div class=\"wp-block-column is-layout-flow wp-block-column-is-layout-flow\">\n<h3 class=\"wp-block-heading\">Verlege die Strecke<\/h3>\n\n\n\n<p>Steck Geraden, Kurven, Tunnel, Br\u00fccken und Weichen zusammen, um alles M\u00f6gliche zu bauen, von einer kleinen Schleife bis zu einem herrlich verschlungenen Schienenlabyrinth.<\/p>\n<\/div>\n\n\n\n<div class=\"wp-block-column is-layout-flow wp-block-column-is-layout-flow\">\n<h3 class=\"wp-block-heading\">Dekoriere die Welt<\/h3>\n\n\n\n<p>Platziere Bahnh\u00f6fe, H\u00e4user, Bauernh\u00f6fe, B\u00e4ume und Seen. Das gro\u00dfz\u00fcgige Raster macht das Bauen spielerisch statt fummelig.<\/p>\n<\/div>\n\n\n\n<div class=\"wp-block-column is-layout-flow wp-block-column-is-layout-flow\">\n<h3 class=\"wp-block-heading\">Fahr den Zug<\/h3>\n\n\n\n<p>Wechsle in die Fahreransicht und fahr durch die genaue Welt, die du gerade gebaut hast. Es f\u00fchlt sich an, als w\u00fcrdest du ein Spielset zum Leben erwecken.<\/p>\n<\/div>\n<\/div>\n\n\n\n<h2 class=\"wp-block-heading\">Gut f\u00fcr Familien<\/h2>\n\n\n\n<ul class=\"wp-block-list\">\n<li>Keine Werbung oder In-App-K\u00e4ufe<\/li>\n\n\n\n<li>Funktioniert offline nach der Installation<\/li>\n\n\n\n<li>Entworfen f\u00fcr Kinder ab 3 Jahren<\/li>\n\n\n\n<li>Einfacher Einmalkauf<\/li>\n<\/ul>\n","protected":false},"excerpt":{"rendered":"<p>Funobis Flaggschiff-Bahn-App zum Bauen und Fahren, ab 3 Jahren: verspielt, werbefrei und leicht zu erkunden auf iPhone und iPad.<\/p>\n","protected":false},"author":1,"featured_media":0,"parent":0,"menu_order":0,"comment_status":"closed","ping_status":"closed","template":"page-template-app-landing.php","meta":{"_funobi_announcement_enabled":"0","_funobi_announcement_text":"","_funobi_announcement_link_label":"","_funobi_announcement_link_url":"","_funobi_hero_eyebrow":"","_funobi_hero_title_line_1":"","_funobi_hero_title_line_2":"","_funobi_hero_title_emphasis":"","_funobi_hero_lead_line_1":"","_funobi_hero_lead_line_2":"","_funobi_hero_sticker_line_1":"","_funobi_hero_sticker_line_2":"","_funobi_bundles_title":"","_funobi_collection_eyebrow":"","_funobi_collection_title_line_1":"","_funobi_collection_title_line_2":"","_funobi_collection_intro":"","_funobi_build_eyebrow":"","_funobi_build_title_line_1":"","_funobi_build_title_line_2":"","_funobi_build_title_line_3":"","_funobi_build_intro":"","_funobi_build_step_1":"","_funobi_build_step_2":"","_funobi_build_step_3":"","_funobi_reviews_eyebrow":"","_funobi_reviews_title_line_1":"","_funobi_reviews_title_line_2":"","_funobi_reviews_intro":"","_funobi_stats_1_value":"","_funobi_stats_1_label":"","_funobi_stats_2_value":"","_funobi_stats_2_label":"","_funobi_stats_3_value":"","_funobi_stats_3_label":"","_funobi_stats_4_value":"","_funobi_stats_4_label":"","_funobi_parents_eyebrow":"","_funobi_parents_title_line_1":"","_funobi_parents_title_line_2":"","_funobi_parents_title_line_3":"","_funobi_promise_eyebrow":"","_funobi_promise_title_line_1":"","_funobi_promise_title_line_2":"","_funobi_promise_body":"","_funobi_promise_cta_text":"","_funobi_promise_cta_url":"","_funobi_extra_content_enabled":"0","_funobi_bundles":[],"_funobi_apps":[],"_funobi_reviews":[],"_funobi_faqs":[],"_funobi_promise_items":[],"footnotes":""},"class_list":["post-112","page","type-page","status-publish","hentry"],"_links":{"self":[{"href":"https:\/\/funobi.com\/de\/wp-json\/wp\/v2\/pages\/112","targetHints":{"allow":["GET"]}}],"collection":[{"href":"https:\/\/funobi.com\/de\/wp-json\/wp\/v2\/pages"}],"about":[{"href":"https:\/\/funobi.com\/de\/wp-json\/wp\/v2\/types\/page"}],"author":[{"embeddable":true,"href":"https:\/\/funobi.com\/de\/wp-json\/wp\/v2\/users\/1"}],"replies":[{"embeddable":true,"href":"https:\/\/funobi.com\/de\/wp-json\/wp\/v2\/comments?post=112"}],"version-history":[{"count":3,"href":"https:\/\/funobi.com\/de\/wp-json\/wp\/v2\/pages\/112\/revisions"}],"predecessor-version":[{"id":499,"href":"https:\/\/funobi.com\/de\/wp-json\/wp\/v2\/pages\/112\/revisions\/499"}],"wp:attachment":[{"href":"https:\/\/funobi.com\/de\/wp-json\/wp\/v2\/media?parent=112"}],"curies":[{"name":"wp","href":"https:\/\/api.w.org\/{rel}","templated":true}]}}