{"id":282,"date":"2026-04-20T17:54:39","date_gmt":"2026-04-20T17:54:39","guid":{"rendered":"http:\/\/funobi-75-141-196-227.traefik.me\/train-kit-wild-west-2\/"},"modified":"2026-04-30T23:59:02","modified_gmt":"2026-04-30T23:59:02","slug":"train-kit-wild-west-2","status":"publish","type":"page","link":"https:\/\/funobi.com\/de\/train-kit-wild-west-2\/","title":{"rendered":"Train Kit: Wild West"},"content":{"rendered":"\n<h2 class=\"wp-block-heading\">Baue staubige Routen durch das Canyonland, dann steig ein f\u00fcr ein gro\u00dfes Western-Eisenbahn-Abenteuer.<\/h2>\n\n\n\n<p>Dampflokomotiven im Canyonland. Saloons, Tafelberge und die l\u00e4ngste Strecke, die du je verlegt hast.<\/p>\n\n\n\n<div class=\"wp-block-columns is-layout-flex wp-container-core-columns-is-layout-9d6595d7 wp-block-columns-is-layout-flex\">\n<div class=\"wp-block-column is-layout-flow wp-block-column-is-layout-flow\">\n<h3 class=\"wp-block-heading\">Bauen<\/h3>\n\n\n\n<p>Erstelle Szenen St\u00fcck f\u00fcr St\u00fcck mit einfachen Steuerungen, die das Experimentieren verspielt statt fummelig wirken lassen.<\/p>\n<\/div>\n\n\n\n<div class=\"wp-block-column is-layout-flow wp-block-column-is-layout-flow\">\n<h3 class=\"wp-block-heading\">Fahren<\/h3>\n\n\n\n<p>Zoome in die Welt und genie\u00dfe die kleinen Fahrzeuge, Schienen oder Fahrten aus der Kinderperspektive, die Funobi-Apps lebendig wirken l\u00e4sst.<\/p>\n<\/div>\n\n\n\n<div class=\"wp-block-column is-layout-flow wp-block-column-is-layout-flow\">\n<h3 class=\"wp-block-heading\">Nochmal spielen<\/h3>\n\n\n\n<p>Komm zur\u00fcck f\u00fcr neue Layouts, neue Geschichten und die Art ruhigen Wiederholungsspiels, das zu Hause oder unterwegs gut funktioniert.<\/p>\n<\/div>\n<\/div>\n\n\n\n<h2 class=\"wp-block-heading\">Gut f\u00fcr Familien<\/h2>\n\n\n\n<ul class=\"wp-block-list\">\n<li>Fr\u00f6hliches, einladendes Bauspiel<\/li>\n\n\n<li>Gemacht f\u00fcr neugierige Kinder und entspannte Erwachsene<\/li>\n\n\n<li>L\u00e4dt zum Wiederkommen ein \u2013 f\u00fcr kurze Runden oder gro\u00dfe Bauprojekte<\/li>\n<\/ul>\n","protected":false},"excerpt":{"rendered":"<p>Baue staubige Routen durch das Canyonland, dann steig ein f\u00fcr ein gro\u00dfes Western-Eisenbahn-Abenteuer. Dampflokomotiven im Canyonland. Saloons, Tafelberge und die l\u00e4ngste Strecke, die du je verlegt hast. Bauen Erstelle Szenen St\u00fcck f\u00fcr St\u00fcck mit einfachen Steuerungen, die das Experimentieren verspielt statt fummelig wirken lassen. Fahren Zoome in die Welt und genie\u00dfe die kleinen Fahrzeuge, Schienen [&hellip;]<\/p>\n","protected":false},"author":1,"featured_media":0,"parent":0,"menu_order":0,"comment_status":"closed","ping_status":"closed","template":"page-template-app-landing.php","meta":{"_funobi_announcement_enabled":"0","_funobi_announcement_text":"","_funobi_announcement_link_label":"","_funobi_announcement_link_url":"","_funobi_hero_eyebrow":"","_funobi_hero_title_line_1":"","_funobi_hero_title_line_2":"","_funobi_hero_title_emphasis":"","_funobi_hero_lead_line_1":"","_funobi_hero_lead_line_2":"","_funobi_hero_sticker_line_1":"","_funobi_hero_sticker_line_2":"","_funobi_bundles_title":"","_funobi_collection_eyebrow":"","_funobi_collection_title_line_1":"","_funobi_collection_title_line_2":"","_funobi_collection_intro":"","_funobi_build_eyebrow":"","_funobi_build_title_line_1":"","_funobi_build_title_line_2":"","_funobi_build_title_line_3":"","_funobi_build_intro":"","_funobi_build_step_1":"","_funobi_build_step_2":"","_funobi_build_step_3":"","_funobi_reviews_eyebrow":"","_funobi_reviews_title_line_1":"","_funobi_reviews_title_line_2":"","_funobi_reviews_intro":"","_funobi_stats_1_value":"","_funobi_stats_1_label":"","_funobi_stats_2_value":"","_funobi_stats_2_label":"","_funobi_stats_3_value":"","_funobi_stats_3_label":"","_funobi_stats_4_value":"","_funobi_stats_4_label":"","_funobi_parents_eyebrow":"","_funobi_parents_title_line_1":"","_funobi_parents_title_line_2":"","_funobi_parents_title_line_3":"","_funobi_promise_eyebrow":"","_funobi_promise_title_line_1":"","_funobi_promise_title_line_2":"","_funobi_promise_body":"","_funobi_promise_cta_text":"","_funobi_promise_cta_url":"","_funobi_extra_content_enabled":"0","_funobi_bundles":[],"_funobi_apps":[],"_funobi_reviews":[],"_funobi_faqs":[],"_funobi_promise_items":[],"footnotes":""},"class_list":["post-282","page","type-page","status-publish","hentry"],"_links":{"self":[{"href":"https:\/\/funobi.com\/de\/wp-json\/wp\/v2\/pages\/282","targetHints":{"allow":["GET"]}}],"collection":[{"href":"https:\/\/funobi.com\/de\/wp-json\/wp\/v2\/pages"}],"about":[{"href":"https:\/\/funobi.com\/de\/wp-json\/wp\/v2\/types\/page"}],"author":[{"embeddable":true,"href":"https:\/\/funobi.com\/de\/wp-json\/wp\/v2\/users\/1"}],"replies":[{"embeddable":true,"href":"https:\/\/funobi.com\/de\/wp-json\/wp\/v2\/comments?post=282"}],"version-history":[{"count":3,"href":"https:\/\/funobi.com\/de\/wp-json\/wp\/v2\/pages\/282\/revisions"}],"predecessor-version":[{"id":518,"href":"https:\/\/funobi.com\/de\/wp-json\/wp\/v2\/pages\/282\/revisions\/518"}],"wp:attachment":[{"href":"https:\/\/funobi.com\/de\/wp-json\/wp\/v2\/media?parent=282"}],"curies":[{"name":"wp","href":"https:\/\/api.w.org\/{rel}","templated":true}]}}