{"id":309,"date":"2026-04-20T17:54:41","date_gmt":"2026-04-20T17:54:41","guid":{"rendered":"http:\/\/funobi-75-141-196-227.traefik.me\/car-kit-2\/"},"modified":"2026-04-30T23:59:14","modified_gmt":"2026-04-30T23:59:14","slug":"car-kit-2","status":"publish","type":"page","link":"https:\/\/funobi.com\/de\/car-kit-2\/","title":{"rendered":"Car Kit"},"content":{"rendered":"\n<h2 class=\"wp-block-heading\">Baue eine quirlige kleine Stadt, dann spring hinters Steuer und fahr durch alles, was du gebaut hast.<\/h2>\n\n\n\n<p>Car Kit verwandelt Stra\u00dfenbau in eine fr\u00f6hliche Sandbox f\u00fcr iPhone und iPad. Lege Stra\u00dfen an, f\u00fcge Br\u00fccken und Geb\u00e4ude hinzu, dann schicke Taxis, Limousinen und Feuerwehrautos durch deine eigene kleine Stadt.<\/p>\n\n\n\n<div class=\"wp-block-columns is-layout-flex wp-container-core-columns-is-layout-9d6595d7 wp-block-columns-is-layout-flex\">\n<div class=\"wp-block-column is-layout-flow wp-block-column-is-layout-flow\">\n<h3 class=\"wp-block-heading\">Stra\u00dfen verlegen<\/h3>\n\n\n\n<p>Steck Stra\u00dfen, Kurven, Kreuzungen und Br\u00fccken zusammen, um alles M\u00f6gliche zu bauen, von einem ordentlichen Nachbarschaftsraster bis zu einer verschlungenen Stadt voller Umwege.<\/p>\n<\/div>\n\n\n\n<div class=\"wp-block-column is-layout-flow wp-block-column-is-layout-flow\">\n<h3 class=\"wp-block-heading\">Die Stadt bauen<\/h3>\n\n\n\n<p>Platziere Geb\u00e4ude und Stadtdetails, um das Stra\u00dfenlayout in einen Ort zu verwandeln, der lebendig, verspielt und bereit f\u00fcr eine weitere Fahrt durch die Stadt wirkt.<\/p>\n<\/div>\n\n\n\n<div class=\"wp-block-column is-layout-flow wp-block-column-is-layout-flow\">\n<h3 class=\"wp-block-heading\">Die Fahrzeuge fahren<\/h3>\n\n\n\n<p>Wechsle die Ansicht und fahr durch die genauen Stra\u00dfen, die du gerade gebaut hast, egal ob du Lust auf eine Runde im Taxi, der Limousine oder dem Feuerwehrauto hast.<\/p>\n<\/div>\n<\/div>\n\n\n\n<h2 class=\"wp-block-heading\">Gut f\u00fcr Familien<\/h2>\n\n\n\n<ul class=\"wp-block-list\">\n<li>Einfache Touch-Steuerungen f\u00fcr junge Baumeister<\/li>\n\n\n<li>St\u00e4dtebau-Spiel, das Experimentieren belohnt<\/li>\n\n\n<li>Gemacht zum immer wieder Spielen und freien Gestalten<\/li>\n\n\n<li>Eine fr\u00f6hliche Welt zum Bauen, Fahren und Umbauen<\/li>\n<\/ul>\n","protected":false},"excerpt":{"rendered":"<p>Baue eine quirlige kleine Stadt, dann spring hinters Steuer und fahr durch alles, was du gebaut hast. Car Kit verwandelt Stra\u00dfenbau in eine fr\u00f6hliche Sandbox f\u00fcr iPhone und iPad. Lege Stra\u00dfen an, f\u00fcge Br\u00fccken und Geb\u00e4ude hinzu, dann schicke Taxis, Limousinen und Feuerwehrautos durch deine eigene kleine Stadt. Stra\u00dfen verlegen Steck Stra\u00dfen, Kurven, Kreuzungen und [&hellip;]<\/p>\n","protected":false},"author":1,"featured_media":0,"parent":0,"menu_order":0,"comment_status":"closed","ping_status":"closed","template":"page-template-app-landing.php","meta":{"_funobi_announcement_enabled":"0","_funobi_announcement_text":"","_funobi_announcement_link_label":"","_funobi_announcement_link_url":"","_funobi_hero_eyebrow":"","_funobi_hero_title_line_1":"","_funobi_hero_title_line_2":"","_funobi_hero_title_emphasis":"","_funobi_hero_lead_line_1":"","_funobi_hero_lead_line_2":"","_funobi_hero_sticker_line_1":"","_funobi_hero_sticker_line_2":"","_funobi_bundles_title":"","_funobi_collection_eyebrow":"","_funobi_collection_title_line_1":"","_funobi_collection_title_line_2":"","_funobi_collection_intro":"","_funobi_build_eyebrow":"","_funobi_build_title_line_1":"","_funobi_build_title_line_2":"","_funobi_build_title_line_3":"","_funobi_build_intro":"","_funobi_build_step_1":"","_funobi_build_step_2":"","_funobi_build_step_3":"","_funobi_reviews_eyebrow":"","_funobi_reviews_title_line_1":"","_funobi_reviews_title_line_2":"","_funobi_reviews_intro":"","_funobi_stats_1_value":"","_funobi_stats_1_label":"","_funobi_stats_2_value":"","_funobi_stats_2_label":"","_funobi_stats_3_value":"","_funobi_stats_3_label":"","_funobi_stats_4_value":"","_funobi_stats_4_label":"","_funobi_parents_eyebrow":"","_funobi_parents_title_line_1":"","_funobi_parents_title_line_2":"","_funobi_parents_title_line_3":"","_funobi_promise_eyebrow":"","_funobi_promise_title_line_1":"","_funobi_promise_title_line_2":"","_funobi_promise_body":"","_funobi_promise_cta_text":"","_funobi_promise_cta_url":"","_funobi_extra_content_enabled":"0","_funobi_bundles":[],"_funobi_apps":[],"_funobi_reviews":[],"_funobi_faqs":[],"_funobi_promise_items":[],"footnotes":""},"class_list":["post-309","page","type-page","status-publish","hentry"],"_links":{"self":[{"href":"https:\/\/funobi.com\/de\/wp-json\/wp\/v2\/pages\/309","targetHints":{"allow":["GET"]}}],"collection":[{"href":"https:\/\/funobi.com\/de\/wp-json\/wp\/v2\/pages"}],"about":[{"href":"https:\/\/funobi.com\/de\/wp-json\/wp\/v2\/types\/page"}],"author":[{"embeddable":true,"href":"https:\/\/funobi.com\/de\/wp-json\/wp\/v2\/users\/1"}],"replies":[{"embeddable":true,"href":"https:\/\/funobi.com\/de\/wp-json\/wp\/v2\/comments?post=309"}],"version-history":[{"count":2,"href":"https:\/\/funobi.com\/de\/wp-json\/wp\/v2\/pages\/309\/revisions"}],"predecessor-version":[{"id":545,"href":"https:\/\/funobi.com\/de\/wp-json\/wp\/v2\/pages\/309\/revisions\/545"}],"wp:attachment":[{"href":"https:\/\/funobi.com\/de\/wp-json\/wp\/v2\/media?parent=309"}],"curies":[{"name":"wp","href":"https:\/\/api.w.org\/{rel}","templated":true}]}}