{"id":92,"date":"2026-04-18T08:45:27","date_gmt":"2026-04-18T08:45:27","guid":{"rendered":"http:\/\/funobi-75-141-196-227.traefik.me\/?page_id=92"},"modified":"2026-04-30T23:58:51","modified_gmt":"2026-04-30T23:58:51","slug":"datenschutzerklaerung","status":"publish","type":"page","link":"https:\/\/funobi.com\/de\/datenschutzerklaerung\/","title":{"rendered":"Datenschutzerkl\u00e4rung"},"content":{"rendered":"\n<h2 class=\"wp-block-heading\">Datenschutz ohne \u00dcberraschungen<\/h2>\n\n\n\n<p>Funobi baut bezahlte &#8222;<strong>Edutainment<\/strong>&#8222;-Apps mit einem einfachen Ziel: ruhiges Spielen ohne unheimliches Tracking. Wir verwenden keine Werbung in unseren Apps, und wir bauen unsere Produkte nicht um Datensammlung herum.<\/p>\n\n\n\n<h3 class=\"wp-block-heading\">Was wir erfassen<\/h3>\n\n\n\n<p>Unsere Website kann Standard-Server-Logs und WordPress-Admin-Daten erhalten, die zum Betrieb dieser Entwicklungsseite n\u00f6tig sind. Unsere Apps sind so konzipiert, dass sie unn\u00f6tige Erfassung pers\u00f6nlicher Daten vermeiden.<\/p>\n\n\n\n<h3 class=\"wp-block-heading\">Kinder und Familien<\/h3>\n\n\n\n<p>Funobi-Produkte sind f\u00fcr Familien gemacht. Wenn du jemals eine Datenschutzfrage hast, kontaktiere bitte das Studio, bevor du pers\u00f6nliche Informationen \u00fcber die Website teilst.<\/p>\n\n\n\n<h3 class=\"wp-block-heading\">Kontakt<\/h3>\n\n\n\n<p>Fragen zum Datenschutz k\u00f6nnen \u00fcber die auf dieser Website ver\u00f6ffentlichten Funobi-Kontaktdaten gerichtet werden.<\/p>\n","protected":false},"excerpt":{"rendered":"<p>Wie Funobi Datenschutz, Datenerfassung und familienfreundliche App-Nutzung handhabt.<\/p>\n","protected":false},"author":1,"featured_media":0,"parent":0,"menu_order":0,"comment_status":"closed","ping_status":"open","template":"","meta":{"_funobi_announcement_enabled":"0","_funobi_announcement_text":"","_funobi_announcement_link_label":"","_funobi_announcement_link_url":"","_funobi_hero_eyebrow":"","_funobi_hero_title_line_1":"","_funobi_hero_title_line_2":"","_funobi_hero_title_emphasis":"","_funobi_hero_lead_line_1":"","_funobi_hero_lead_line_2":"","_funobi_hero_sticker_line_1":"","_funobi_hero_sticker_line_2":"","_funobi_bundles_title":"","_funobi_collection_eyebrow":"","_funobi_collection_title_line_1":"","_funobi_collection_title_line_2":"","_funobi_collection_intro":"","_funobi_build_eyebrow":"","_funobi_build_title_line_1":"","_funobi_build_title_line_2":"","_funobi_build_title_line_3":"","_funobi_build_intro":"","_funobi_build_step_1":"","_funobi_build_step_2":"","_funobi_build_step_3":"","_funobi_reviews_eyebrow":"","_funobi_reviews_title_line_1":"","_funobi_reviews_title_line_2":"","_funobi_reviews_intro":"","_funobi_stats_1_value":"","_funobi_stats_1_label":"","_funobi_stats_2_value":"","_funobi_stats_2_label":"","_funobi_stats_3_value":"","_funobi_stats_3_label":"","_funobi_stats_4_value":"","_funobi_stats_4_label":"","_funobi_parents_eyebrow":"","_funobi_parents_title_line_1":"","_funobi_parents_title_line_2":"","_funobi_parents_title_line_3":"","_funobi_promise_eyebrow":"","_funobi_promise_title_line_1":"","_funobi_promise_title_line_2":"","_funobi_promise_body":"","_funobi_promise_cta_text":"","_funobi_promise_cta_url":"","_funobi_extra_content_enabled":"0","_funobi_bundles":[],"_funobi_apps":[],"_funobi_reviews":[],"_funobi_faqs":[],"_funobi_promise_items":[],"footnotes":""},"class_list":["post-92","page","type-page","status-publish","hentry"],"_links":{"self":[{"href":"https:\/\/funobi.com\/de\/wp-json\/wp\/v2\/pages\/92","targetHints":{"allow":["GET"]}}],"collection":[{"href":"https:\/\/funobi.com\/de\/wp-json\/wp\/v2\/pages"}],"about":[{"href":"https:\/\/funobi.com\/de\/wp-json\/wp\/v2\/types\/page"}],"author":[{"embeddable":true,"href":"https:\/\/funobi.com\/de\/wp-json\/wp\/v2\/users\/1"}],"replies":[{"embeddable":true,"href":"https:\/\/funobi.com\/de\/wp-json\/wp\/v2\/comments?post=92"}],"version-history":[{"count":3,"href":"https:\/\/funobi.com\/de\/wp-json\/wp\/v2\/pages\/92\/revisions"}],"predecessor-version":[{"id":492,"href":"https:\/\/funobi.com\/de\/wp-json\/wp\/v2\/pages\/92\/revisions\/492"}],"wp:attachment":[{"href":"https:\/\/funobi.com\/de\/wp-json\/wp\/v2\/media?parent=92"}],"curies":[{"name":"wp","href":"https:\/\/api.w.org\/{rel}","templated":true}]}}