{"id":108,"date":"2026-04-18T09:27:29","date_gmt":"2026-04-18T09:27:29","guid":{"rendered":"http:\/\/funobi-75-141-196-227.traefik.me\/equipo-de-tren\/"},"modified":"2026-04-30T23:58:54","modified_gmt":"2026-04-30T23:58:54","slug":"equipo-de-tren","status":"publish","type":"page","link":"https:\/\/funobi.com\/es\/equipo-de-tren\/","title":{"rendered":"Train Kit"},"content":{"rendered":"\n<h2 class=\"wp-block-heading\">Construye un mundo ferroviario, luego sube a la locomotora y monta lo que hiciste.<\/h2>\n\n\n\n<p>Train Kit es la app de construcci\u00f3n sandbox original de Funobi para iPhone y iPad, hecha para constructores curiosos desde 3 a\u00f1os, sin anuncios, sin compras integradas y con un simple modelo de pago \u00fanico.<\/p>\n\n\n\n<div class=\"wp-block-columns is-layout-flex wp-container-core-columns-is-layout-9d6595d7 wp-block-columns-is-layout-flex\">\n<div class=\"wp-block-column is-layout-flow wp-block-column-is-layout-flow\">\n<h3 class=\"wp-block-heading\">Tiende las v\u00edas<\/h3>\n\n\n\n<p>Ensambla rectas, curvas, t\u00faneles, puentes y cambios de v\u00eda para hacer cualquier cosa, desde un peque\u00f1o bucle hasta un glorioso laberinto ferroviario enredado.<\/p>\n<\/div>\n\n\n\n<div class=\"wp-block-column is-layout-flow wp-block-column-is-layout-flow\">\n<h3 class=\"wp-block-heading\">Decora el mundo<\/h3>\n\n\n\n<p>Coloca estaciones, casas, granjas, \u00e1rboles y lagos. La cuadr\u00edcula permisiva mantiene la construcci\u00f3n divertida en lugar de complicada.<\/p>\n<\/div>\n\n\n\n<div class=\"wp-block-column is-layout-flow wp-block-column-is-layout-flow\">\n<h3 class=\"wp-block-heading\">S\u00fabete al tren<\/h3>\n\n\n\n<p>Cambia a la vista de Pasajero y recorre el mundo exacto que acabas de construir. Se siente como darle vida a un juego de construcci\u00f3n.<\/p>\n<\/div>\n<\/div>\n\n\n\n<h2 class=\"wp-block-heading\">Bueno para familias<\/h2>\n\n\n\n<ul class=\"wp-block-list\">\n<li>Sin anuncios ni compras integradas<\/li>\n\n\n\n<li>Funciona sin conexi\u00f3n despu\u00e9s de la instalaci\u00f3n<\/li>\n\n\n\n<li>Dise\u00f1ado para mayores de 3 a\u00f1os<\/li>\n\n\n\n<li>Compra \u00fanica simple<\/li>\n<\/ul>\n","protected":false},"excerpt":{"rendered":"<p>La app ferroviaria insignia de Funobi para construir y montar, para ni\u00f1os de 3 a 10 a\u00f1os. Divertida, sin anuncios y f\u00e1cil de explorar en iPhone y iPad.<\/p>\n","protected":false},"author":1,"featured_media":0,"parent":0,"menu_order":0,"comment_status":"closed","ping_status":"closed","template":"page-template-app-landing.php","meta":{"_funobi_announcement_enabled":"0","_funobi_announcement_text":"","_funobi_announcement_link_label":"","_funobi_announcement_link_url":"","_funobi_hero_eyebrow":"","_funobi_hero_title_line_1":"","_funobi_hero_title_line_2":"","_funobi_hero_title_emphasis":"","_funobi_hero_lead_line_1":"","_funobi_hero_lead_line_2":"","_funobi_hero_sticker_line_1":"","_funobi_hero_sticker_line_2":"","_funobi_bundles_title":"","_funobi_collection_eyebrow":"","_funobi_collection_title_line_1":"","_funobi_collection_title_line_2":"","_funobi_collection_intro":"","_funobi_build_eyebrow":"","_funobi_build_title_line_1":"","_funobi_build_title_line_2":"","_funobi_build_title_line_3":"","_funobi_build_intro":"","_funobi_build_step_1":"","_funobi_build_step_2":"","_funobi_build_step_3":"","_funobi_reviews_eyebrow":"","_funobi_reviews_title_line_1":"","_funobi_reviews_title_line_2":"","_funobi_reviews_intro":"","_funobi_stats_1_value":"","_funobi_stats_1_label":"","_funobi_stats_2_value":"","_funobi_stats_2_label":"","_funobi_stats_3_value":"","_funobi_stats_3_label":"","_funobi_stats_4_value":"","_funobi_stats_4_label":"","_funobi_parents_eyebrow":"","_funobi_parents_title_line_1":"","_funobi_parents_title_line_2":"","_funobi_parents_title_line_3":"","_funobi_promise_eyebrow":"","_funobi_promise_title_line_1":"","_funobi_promise_title_line_2":"","_funobi_promise_body":"","_funobi_promise_cta_text":"","_funobi_promise_cta_url":"","_funobi_extra_content_enabled":"0","_funobi_bundles":[],"_funobi_apps":[],"_funobi_reviews":[],"_funobi_faqs":[],"_funobi_promise_items":[],"footnotes":""},"class_list":["post-108","page","type-page","status-publish","hentry"],"_links":{"self":[{"href":"https:\/\/funobi.com\/es\/wp-json\/wp\/v2\/pages\/108","targetHints":{"allow":["GET"]}}],"collection":[{"href":"https:\/\/funobi.com\/es\/wp-json\/wp\/v2\/pages"}],"about":[{"href":"https:\/\/funobi.com\/es\/wp-json\/wp\/v2\/types\/page"}],"author":[{"embeddable":true,"href":"https:\/\/funobi.com\/es\/wp-json\/wp\/v2\/users\/1"}],"replies":[{"embeddable":true,"href":"https:\/\/funobi.com\/es\/wp-json\/wp\/v2\/comments?post=108"}],"version-history":[{"count":4,"href":"https:\/\/funobi.com\/es\/wp-json\/wp\/v2\/pages\/108\/revisions"}],"predecessor-version":[{"id":497,"href":"https:\/\/funobi.com\/es\/wp-json\/wp\/v2\/pages\/108\/revisions\/497"}],"wp:attachment":[{"href":"https:\/\/funobi.com\/es\/wp-json\/wp\/v2\/media?parent=108"}],"curies":[{"name":"wp","href":"https:\/\/api.w.org\/{rel}","templated":true}]}}