{"id":271,"date":"2026-04-20T17:54:39","date_gmt":"2026-04-20T17:54:39","guid":{"rendered":"http:\/\/funobi-75-141-196-227.traefik.me\/train-kit-space-2\/"},"modified":"2026-04-30T23:58:58","modified_gmt":"2026-04-30T23:58:58","slug":"train-kit-space-2","status":"publish","type":"page","link":"https:\/\/funobi.com\/es\/train-kit-space-2\/","title":{"rendered":"Train Kit: Space"},"content":{"rendered":"\n<h2 class=\"wp-block-heading\">Construye un ferrocarril en un planeta alien\u00edgena, luego viaja por estaciones brillantes, bases lunares y peque\u00f1os mundos estrellados.<\/h2>\n\n\n\n<p>Tiende v\u00edas por un planeta alien\u00edgena. Rovers lunares, dep\u00f3sitos de cohetes y estrellas que de verdad centellean.<\/p>\n\n\n\n<div class=\"wp-block-columns is-layout-flex wp-container-core-columns-is-layout-9d6595d7 wp-block-columns-is-layout-flex\">\n<div class=\"wp-block-column is-layout-flow wp-block-column-is-layout-flow\">\n<h3 class=\"wp-block-heading\">Construir<\/h3>\n\n\n\n<p>Crea escenas pieza a pieza con controles simples que hacen que experimentar se sienta divertido en lugar de complicado.<\/p>\n<\/div>\n\n\n\n<div class=\"wp-block-column is-layout-flow wp-block-column-is-layout-flow\">\n<h3 class=\"wp-block-heading\">Pasea<\/h3>\n\n\n\n<p>Ac\u00e9rcate al mundo y disfruta de los peque\u00f1os veh\u00edculos, pistas o paseos desde la vista de un ni\u00f1o, lo que hace que las apps de Funobi se sientan vivas.<\/p>\n<\/div>\n\n\n\n<div class=\"wp-block-column is-layout-flow wp-block-column-is-layout-flow\">\n<h3 class=\"wp-block-heading\">Volver a jugar<\/h3>\n\n\n\n<p>Regresa por nuevos dise\u00f1os, nuevas historias y ese tipo de juego repetido y tranquilo que funciona bien en casa o en movimiento.<\/p>\n<\/div>\n<\/div>\n\n\n\n<h2 class=\"wp-block-heading\">Para toda la familia<\/h2>\n\n\n\n<ul class=\"wp-block-list\">\n<li>Juego de construcci\u00f3n brillante y accesible<\/li>\n\n\n<li>Hecho para ni\u00f1os curiosos y adultos relajados<\/li>\n\n\n<li>F\u00e1cil de retomar para sesiones r\u00e1pidas o grandes creaciones<\/li>\n<\/ul>\n","protected":false},"excerpt":{"rendered":"<p>Construye un ferrocarril en un planeta alien\u00edgena, luego viaja por estaciones brillantes, bases lunares y peque\u00f1os mundos estrellados. Tiende v\u00edas por un planeta alien\u00edgena. Rovers lunares, dep\u00f3sitos de cohetes y estrellas que de verdad centellean. Construir Crea escenas pieza a pieza con controles simples que hacen que experimentar se sienta divertido en lugar de complicado. [&hellip;]<\/p>\n","protected":false},"author":1,"featured_media":0,"parent":0,"menu_order":0,"comment_status":"closed","ping_status":"closed","template":"page-template-app-landing.php","meta":{"_funobi_announcement_enabled":"0","_funobi_announcement_text":"","_funobi_announcement_link_label":"","_funobi_announcement_link_url":"","_funobi_hero_eyebrow":"","_funobi_hero_title_line_1":"","_funobi_hero_title_line_2":"","_funobi_hero_title_emphasis":"","_funobi_hero_lead_line_1":"","_funobi_hero_lead_line_2":"","_funobi_hero_sticker_line_1":"","_funobi_hero_sticker_line_2":"","_funobi_bundles_title":"","_funobi_collection_eyebrow":"","_funobi_collection_title_line_1":"","_funobi_collection_title_line_2":"","_funobi_collection_intro":"","_funobi_build_eyebrow":"","_funobi_build_title_line_1":"","_funobi_build_title_line_2":"","_funobi_build_title_line_3":"","_funobi_build_intro":"","_funobi_build_step_1":"","_funobi_build_step_2":"","_funobi_build_step_3":"","_funobi_reviews_eyebrow":"","_funobi_reviews_title_line_1":"","_funobi_reviews_title_line_2":"","_funobi_reviews_intro":"","_funobi_stats_1_value":"","_funobi_stats_1_label":"","_funobi_stats_2_value":"","_funobi_stats_2_label":"","_funobi_stats_3_value":"","_funobi_stats_3_label":"","_funobi_stats_4_value":"","_funobi_stats_4_label":"","_funobi_parents_eyebrow":"","_funobi_parents_title_line_1":"","_funobi_parents_title_line_2":"","_funobi_parents_title_line_3":"","_funobi_promise_eyebrow":"","_funobi_promise_title_line_1":"","_funobi_promise_title_line_2":"","_funobi_promise_body":"","_funobi_promise_cta_text":"","_funobi_promise_cta_url":"","_funobi_extra_content_enabled":"0","_funobi_bundles":[],"_funobi_apps":[],"_funobi_reviews":[],"_funobi_faqs":[],"_funobi_promise_items":[],"footnotes":""},"class_list":["post-271","page","type-page","status-publish","hentry"],"_links":{"self":[{"href":"https:\/\/funobi.com\/es\/wp-json\/wp\/v2\/pages\/271","targetHints":{"allow":["GET"]}}],"collection":[{"href":"https:\/\/funobi.com\/es\/wp-json\/wp\/v2\/pages"}],"about":[{"href":"https:\/\/funobi.com\/es\/wp-json\/wp\/v2\/types\/page"}],"author":[{"embeddable":true,"href":"https:\/\/funobi.com\/es\/wp-json\/wp\/v2\/users\/1"}],"replies":[{"embeddable":true,"href":"https:\/\/funobi.com\/es\/wp-json\/wp\/v2\/comments?post=271"}],"version-history":[{"count":3,"href":"https:\/\/funobi.com\/es\/wp-json\/wp\/v2\/pages\/271\/revisions"}],"predecessor-version":[{"id":507,"href":"https:\/\/funobi.com\/es\/wp-json\/wp\/v2\/pages\/271\/revisions\/507"}],"wp:attachment":[{"href":"https:\/\/funobi.com\/es\/wp-json\/wp\/v2\/media?parent=271"}],"curies":[{"name":"wp","href":"https:\/\/api.w.org\/{rel}","templated":true}]}}