{"id":307,"date":"2026-04-20T17:54:41","date_gmt":"2026-04-20T17:54:41","guid":{"rendered":"http:\/\/funobi-75-141-196-227.traefik.me\/car-kit-2\/"},"modified":"2026-04-30T23:59:13","modified_gmt":"2026-04-30T23:59:13","slug":"car-kit-2","status":"publish","type":"page","link":"https:\/\/funobi.com\/es\/car-kit-2\/","title":{"rendered":"Car Kit"},"content":{"rendered":"\n<h2 class=\"wp-block-heading\">Construye un pueblecito bullicioso, luego ponte al volante y recorre todo lo que has creado.<\/h2>\n\n\n\n<p>Car Kit convierte la construcci\u00f3n de calles en un sandbox alegre para iPhone y iPad. Dise\u00f1a calles, a\u00f1ade puentes y edificios, luego env\u00eda taxis, limusinas y camiones de bomberos rodando por tu propia peque\u00f1a ciudad.<\/p>\n\n\n\n<div class=\"wp-block-columns is-layout-flex wp-container-core-columns-is-layout-9d6595d7 wp-block-columns-is-layout-flex\">\n<div class=\"wp-block-column is-layout-flow wp-block-column-is-layout-flow\">\n<h3 class=\"wp-block-heading\">Tiende las carreteras<\/h3>\n\n\n\n<p>Ensambla calles, curvas, cruces y puentes para hacer cualquier cosa, desde una cuadr\u00edcula de barrio ordenada hasta un pueblo retorcido lleno de desv\u00edos.<\/p>\n<\/div>\n\n\n\n<div class=\"wp-block-column is-layout-flow wp-block-column-is-layout-flow\">\n<h3 class=\"wp-block-heading\">Construye el pueblo<\/h3>\n\n\n\n<p>Coloca edificios y detalles urbanos para convertir el dise\u00f1o de carreteras en un lugar que se sienta vivo, divertido y listo para un viaje m\u00e1s por la ciudad.<\/p>\n<\/div>\n\n\n\n<div class=\"wp-block-column is-layout-flow wp-block-column-is-layout-flow\">\n<h3 class=\"wp-block-heading\">Conduce los veh\u00edculos<\/h3>\n\n\n\n<p>Cambia de vista y recorre las calles exactas que acabas de construir, ya sea que quieras dar una vuelta en taxi, limusina o cami\u00f3n de bomberos.<\/p>\n<\/div>\n<\/div>\n\n\n\n<h2 class=\"wp-block-heading\">Bueno para familias<\/h2>\n\n\n\n<ul class=\"wp-block-list\">\n<li>Controles t\u00e1ctiles f\u00e1ciles para peque\u00f1os constructores<\/li>\n\n\n<li>Juego de construcci\u00f3n de ciudades que recompensa la experimentaci\u00f3n<\/li>\n\n\n<li>Hecho para sesiones repetidas y creatividad libre<\/li>\n\n\n<li>Un mundo alegre para construir, conducir y reconstruir<\/li>\n<\/ul>\n","protected":false},"excerpt":{"rendered":"<p>Construye un pueblecito bullicioso, luego ponte al volante y recorre todo lo que has creado. Car Kit convierte la construcci\u00f3n de calles en un sandbox alegre para iPhone y iPad. Dise\u00f1a calles, a\u00f1ade puentes y edificios, luego env\u00eda taxis, limusinas y camiones de bomberos rodando por tu propia peque\u00f1a ciudad. Tiende las carreteras Ensambla calles, [&hellip;]<\/p>\n","protected":false},"author":1,"featured_media":0,"parent":0,"menu_order":0,"comment_status":"closed","ping_status":"closed","template":"page-template-app-landing.php","meta":{"_funobi_announcement_enabled":"0","_funobi_announcement_text":"","_funobi_announcement_link_label":"","_funobi_announcement_link_url":"","_funobi_hero_eyebrow":"","_funobi_hero_title_line_1":"","_funobi_hero_title_line_2":"","_funobi_hero_title_emphasis":"","_funobi_hero_lead_line_1":"","_funobi_hero_lead_line_2":"","_funobi_hero_sticker_line_1":"","_funobi_hero_sticker_line_2":"","_funobi_bundles_title":"","_funobi_collection_eyebrow":"","_funobi_collection_title_line_1":"","_funobi_collection_title_line_2":"","_funobi_collection_intro":"","_funobi_build_eyebrow":"","_funobi_build_title_line_1":"","_funobi_build_title_line_2":"","_funobi_build_title_line_3":"","_funobi_build_intro":"","_funobi_build_step_1":"","_funobi_build_step_2":"","_funobi_build_step_3":"","_funobi_reviews_eyebrow":"","_funobi_reviews_title_line_1":"","_funobi_reviews_title_line_2":"","_funobi_reviews_intro":"","_funobi_stats_1_value":"","_funobi_stats_1_label":"","_funobi_stats_2_value":"","_funobi_stats_2_label":"","_funobi_stats_3_value":"","_funobi_stats_3_label":"","_funobi_stats_4_value":"","_funobi_stats_4_label":"","_funobi_parents_eyebrow":"","_funobi_parents_title_line_1":"","_funobi_parents_title_line_2":"","_funobi_parents_title_line_3":"","_funobi_promise_eyebrow":"","_funobi_promise_title_line_1":"","_funobi_promise_title_line_2":"","_funobi_promise_body":"","_funobi_promise_cta_text":"","_funobi_promise_cta_url":"","_funobi_extra_content_enabled":"0","_funobi_bundles":[],"_funobi_apps":[],"_funobi_reviews":[],"_funobi_faqs":[],"_funobi_promise_items":[],"footnotes":""},"class_list":["post-307","page","type-page","status-publish","hentry"],"_links":{"self":[{"href":"https:\/\/funobi.com\/es\/wp-json\/wp\/v2\/pages\/307","targetHints":{"allow":["GET"]}}],"collection":[{"href":"https:\/\/funobi.com\/es\/wp-json\/wp\/v2\/pages"}],"about":[{"href":"https:\/\/funobi.com\/es\/wp-json\/wp\/v2\/types\/page"}],"author":[{"embeddable":true,"href":"https:\/\/funobi.com\/es\/wp-json\/wp\/v2\/users\/1"}],"replies":[{"embeddable":true,"href":"https:\/\/funobi.com\/es\/wp-json\/wp\/v2\/comments?post=307"}],"version-history":[{"count":2,"href":"https:\/\/funobi.com\/es\/wp-json\/wp\/v2\/pages\/307\/revisions"}],"predecessor-version":[{"id":543,"href":"https:\/\/funobi.com\/es\/wp-json\/wp\/v2\/pages\/307\/revisions\/543"}],"wp:attachment":[{"href":"https:\/\/funobi.com\/es\/wp-json\/wp\/v2\/media?parent=307"}],"curies":[{"name":"wp","href":"https:\/\/api.w.org\/{rel}","templated":true}]}}