{"id":325,"date":"2026-04-20T17:54:42","date_gmt":"2026-04-20T17:54:42","guid":{"rendered":"http:\/\/funobi-75-141-196-227.traefik.me\/monster-truck-kit-2\/"},"modified":"2026-04-30T23:59:20","modified_gmt":"2026-04-30T23:59:20","slug":"monster-truck-kit-2","status":"publish","type":"page","link":"https:\/\/funobi.com\/es\/monster-truck-kit-2\/","title":{"rendered":"Monster Truck Kit"},"content":{"rendered":"\n<h2 class=\"wp-block-heading\">Construye circuitos de acrobacias de gran tama\u00f1o, luego deja que los monster trucks reboten, choquen y retumben en un juego gloriosamente desordenado.<\/h2>\n\n\n\n<p>Grandes saltos, grandes charcos, grandes choques. Tapones no incluidos.<\/p>\n\n\n\n<div class=\"wp-block-columns is-layout-flex wp-container-core-columns-is-layout-9d6595d7 wp-block-columns-is-layout-flex\">\n<div class=\"wp-block-column is-layout-flow wp-block-column-is-layout-flow\">\n<h3 class=\"wp-block-heading\">Construir<\/h3>\n\n\n\n<p>Crea escenas pieza a pieza con controles simples que hacen que experimentar se sienta divertido en lugar de complicado.<\/p>\n<\/div>\n\n\n\n<div class=\"wp-block-column is-layout-flow wp-block-column-is-layout-flow\">\n<h3 class=\"wp-block-heading\">Conducir<\/h3>\n\n\n\n<p>Ac\u00e9rcate al mundo y disfruta de los peque\u00f1os veh\u00edculos, pistas o paseos desde la vista de un ni\u00f1o, lo que hace que las apps de Funobi se sientan vivas.<\/p>\n<\/div>\n\n\n\n<div class=\"wp-block-column is-layout-flow wp-block-column-is-layout-flow\">\n<h3 class=\"wp-block-heading\">Volver a jugar<\/h3>\n\n\n\n<p>Regresa por nuevos dise\u00f1os, nuevas historias y ese tipo de juego repetido y tranquilo que funciona bien en casa o en movimiento.<\/p>\n<\/div>\n<\/div>\n\n\n\n<h2 class=\"wp-block-heading\">Bueno para familias<\/h2>\n\n\n\n<ul class=\"wp-block-list\">\n<li>Juego de construcci\u00f3n alegre y accesible<\/li>\n\n\n<li>Hecho para ni\u00f1os curiosos y adultos m\u00e1s tranquilos<\/li>\n\n\n<li>F\u00e1cil de volver a visitar para sesiones r\u00e1pidas o grandes creaciones<\/li>\n<\/ul>\n","protected":false},"excerpt":{"rendered":"<p>Construye circuitos de acrobacias de gran tama\u00f1o, luego deja que los monster trucks reboten, choquen y retumben en un juego gloriosamente desordenado. Grandes saltos, grandes charcos, grandes choques. Tapones no incluidos. Construir Crea escenas pieza a pieza con controles simples que hacen que experimentar se sienta divertido en lugar de complicado. Conducir Ac\u00e9rcate al mundo [&hellip;]<\/p>\n","protected":false},"author":1,"featured_media":0,"parent":0,"menu_order":0,"comment_status":"closed","ping_status":"closed","template":"page-template-app-landing.php","meta":{"_funobi_announcement_enabled":"0","_funobi_announcement_text":"","_funobi_announcement_link_label":"","_funobi_announcement_link_url":"","_funobi_hero_eyebrow":"","_funobi_hero_title_line_1":"","_funobi_hero_title_line_2":"","_funobi_hero_title_emphasis":"","_funobi_hero_lead_line_1":"","_funobi_hero_lead_line_2":"","_funobi_hero_sticker_line_1":"","_funobi_hero_sticker_line_2":"","_funobi_bundles_title":"","_funobi_collection_eyebrow":"","_funobi_collection_title_line_1":"","_funobi_collection_title_line_2":"","_funobi_collection_intro":"","_funobi_build_eyebrow":"","_funobi_build_title_line_1":"","_funobi_build_title_line_2":"","_funobi_build_title_line_3":"","_funobi_build_intro":"","_funobi_build_step_1":"","_funobi_build_step_2":"","_funobi_build_step_3":"","_funobi_reviews_eyebrow":"","_funobi_reviews_title_line_1":"","_funobi_reviews_title_line_2":"","_funobi_reviews_intro":"","_funobi_stats_1_value":"","_funobi_stats_1_label":"","_funobi_stats_2_value":"","_funobi_stats_2_label":"","_funobi_stats_3_value":"","_funobi_stats_3_label":"","_funobi_stats_4_value":"","_funobi_stats_4_label":"","_funobi_parents_eyebrow":"","_funobi_parents_title_line_1":"","_funobi_parents_title_line_2":"","_funobi_parents_title_line_3":"","_funobi_promise_eyebrow":"","_funobi_promise_title_line_1":"","_funobi_promise_title_line_2":"","_funobi_promise_body":"","_funobi_promise_cta_text":"","_funobi_promise_cta_url":"","_funobi_extra_content_enabled":"0","_funobi_bundles":[],"_funobi_apps":[],"_funobi_reviews":[],"_funobi_faqs":[],"_funobi_promise_items":[],"footnotes":""},"class_list":["post-325","page","type-page","status-publish","hentry"],"_links":{"self":[{"href":"https:\/\/funobi.com\/es\/wp-json\/wp\/v2\/pages\/325","targetHints":{"allow":["GET"]}}],"collection":[{"href":"https:\/\/funobi.com\/es\/wp-json\/wp\/v2\/pages"}],"about":[{"href":"https:\/\/funobi.com\/es\/wp-json\/wp\/v2\/types\/page"}],"author":[{"embeddable":true,"href":"https:\/\/funobi.com\/es\/wp-json\/wp\/v2\/users\/1"}],"replies":[{"embeddable":true,"href":"https:\/\/funobi.com\/es\/wp-json\/wp\/v2\/comments?post=325"}],"version-history":[{"count":2,"href":"https:\/\/funobi.com\/es\/wp-json\/wp\/v2\/pages\/325\/revisions"}],"predecessor-version":[{"id":561,"href":"https:\/\/funobi.com\/es\/wp-json\/wp\/v2\/pages\/325\/revisions\/561"}],"wp:attachment":[{"href":"https:\/\/funobi.com\/es\/wp-json\/wp\/v2\/media?parent=325"}],"curies":[{"name":"wp","href":"https:\/\/api.w.org\/{rel}","templated":true}]}}