{"id":78,"date":"2026-04-18T08:45:27","date_gmt":"2026-04-18T08:45:27","guid":{"rendered":"http:\/\/funobi-75-141-196-227.traefik.me\/?page_id=78"},"modified":"2026-04-30T23:58:49","modified_gmt":"2026-04-30T23:58:49","slug":"acerca-de-funobi","status":"publish","type":"page","link":"https:\/\/funobi.com\/es\/acerca-de-funobi\/","title":{"rendered":"Acerca de Funobi"},"content":{"rendered":"\n<div class=\"wp-block-group is-style-funobi-panel is-layout-constrained wp-block-group-is-layout-constrained\">\n<p class=\"funobi-kicker\">Nuestra misi\u00f3n<\/p>\n\n\n\n<h2 class=\"wp-block-heading\">Creamos mundos sandbox creativos para constructores de cualquier edad.<\/h2>\n\n\n\n<p>Creamos apps divertidas para iPhone y iPad que te permiten ensamblar pistas, carreteras, monta\u00f1as rusas y peque\u00f1os mundos a tu propio ritmo. El objetivo es simple: tiempo de pantalla sin anuncios que se siente m\u00e1s como una caja de juguetes que como un laberinto monetizado.<\/p>\n<\/div>\n\n\n\n<div class=\"wp-block-columns is-style-funobi-cards is-layout-flex wp-container-core-columns-is-layout-9d6595d7 wp-block-columns-is-layout-flex\">\n<div class=\"wp-block-column is-layout-flow wp-block-column-is-layout-flow\">\n<h3 class=\"wp-block-heading\">Sin anuncios por defecto<\/h3>\n\n\n\n<p>Sin anuncios, sin ventas adicionales, sin interrupciones.<\/p>\n<\/div>\n\n\n\n<div class=\"wp-block-column is-layout-flow wp-block-column-is-layout-flow\">\n<h3 class=\"wp-block-heading\">Hecho para constructores<\/h3>\n\n\n\n<p>Cada app de Funobi empieza con piezas grandes, controles indulgentes y espacio para experimentar.<\/p>\n<\/div>\n\n\n\n<div class=\"wp-block-column is-layout-flow wp-block-column-is-layout-flow\">\n<h3 class=\"wp-block-heading\">Tiempo de pantalla m\u00e1s tranquilo<\/h3>\n\n\n\n<p>Puedes experimentar, reconstruir y recorrer lo que hiciste sin presi\u00f3n ni ruido.<\/p>\n<\/div>\n<\/div>\n\n\n\n<div class=\"wp-block-group funobi-pattern-band is-layout-constrained wp-block-group-is-layout-constrained\">\n<p class=\"funobi-kicker\">Qu\u00e9 esperar<\/p>\n\n\n\n<h2 class=\"wp-block-heading\">Apps amigables, reglas simples y mucho espacio para explorar.<\/h2>\n\n\n\n<ul class=\"wp-block-list\">\n<li>Dise\u00f1ado para constructores desde 3 a\u00f1os<\/li>\n\n\n\n<li>Funciona perfectamente para juego independiente y juego compartido<\/li>\n\n\n\n<li>Hecho para iPhone y iPad con un simple modelo de pago \u00fanico<\/li>\n<\/ul>\n<\/div>\n\n\n\n<p><\/p>\n","protected":false},"excerpt":{"rendered":"<p>Conoce el peque\u00f1o estudio detr\u00e1s de las apps de construcci\u00f3n sin anuncios de Funobi para ni\u00f1os curiosos.<\/p>\n","protected":false},"author":1,"featured_media":0,"parent":0,"menu_order":0,"comment_status":"closed","ping_status":"open","template":"","meta":{"_funobi_announcement_enabled":"0","_funobi_announcement_text":"","_funobi_announcement_link_label":"","_funobi_announcement_link_url":"","_funobi_hero_eyebrow":"","_funobi_hero_title_line_1":"","_funobi_hero_title_line_2":"","_funobi_hero_title_emphasis":"","_funobi_hero_lead_line_1":"","_funobi_hero_lead_line_2":"","_funobi_hero_sticker_line_1":"","_funobi_hero_sticker_line_2":"","_funobi_bundles_title":"","_funobi_collection_eyebrow":"","_funobi_collection_title_line_1":"","_funobi_collection_title_line_2":"","_funobi_collection_intro":"","_funobi_build_eyebrow":"","_funobi_build_title_line_1":"","_funobi_build_title_line_2":"","_funobi_build_title_line_3":"","_funobi_build_intro":"","_funobi_build_step_1":"","_funobi_build_step_2":"","_funobi_build_step_3":"","_funobi_reviews_eyebrow":"","_funobi_reviews_title_line_1":"","_funobi_reviews_title_line_2":"","_funobi_reviews_intro":"","_funobi_stats_1_value":"","_funobi_stats_1_label":"","_funobi_stats_2_value":"","_funobi_stats_2_label":"","_funobi_stats_3_value":"","_funobi_stats_3_label":"","_funobi_stats_4_value":"","_funobi_stats_4_label":"","_funobi_parents_eyebrow":"","_funobi_parents_title_line_1":"","_funobi_parents_title_line_2":"","_funobi_parents_title_line_3":"","_funobi_promise_eyebrow":"","_funobi_promise_title_line_1":"","_funobi_promise_title_line_2":"","_funobi_promise_body":"","_funobi_promise_cta_text":"","_funobi_promise_cta_url":"","_funobi_extra_content_enabled":"0","_funobi_bundles":[],"_funobi_apps":[],"_funobi_reviews":[],"_funobi_faqs":[],"_funobi_promise_items":[],"footnotes":""},"class_list":["post-78","page","type-page","status-publish","hentry"],"_links":{"self":[{"href":"https:\/\/funobi.com\/es\/wp-json\/wp\/v2\/pages\/78","targetHints":{"allow":["GET"]}}],"collection":[{"href":"https:\/\/funobi.com\/es\/wp-json\/wp\/v2\/pages"}],"about":[{"href":"https:\/\/funobi.com\/es\/wp-json\/wp\/v2\/types\/page"}],"author":[{"embeddable":true,"href":"https:\/\/funobi.com\/es\/wp-json\/wp\/v2\/users\/1"}],"replies":[{"embeddable":true,"href":"https:\/\/funobi.com\/es\/wp-json\/wp\/v2\/comments?post=78"}],"version-history":[{"count":4,"href":"https:\/\/funobi.com\/es\/wp-json\/wp\/v2\/pages\/78\/revisions"}],"predecessor-version":[{"id":485,"href":"https:\/\/funobi.com\/es\/wp-json\/wp\/v2\/pages\/78\/revisions\/485"}],"wp:attachment":[{"href":"https:\/\/funobi.com\/es\/wp-json\/wp\/v2\/media?parent=78"}],"curies":[{"name":"wp","href":"https:\/\/api.w.org\/{rel}","templated":true}]}}