{"id":96,"date":"2026-04-18T08:45:27","date_gmt":"2026-04-18T08:45:27","guid":{"rendered":"http:\/\/funobi-75-141-196-227.traefik.me\/?page_id=96"},"modified":"2026-04-30T23:58:52","modified_gmt":"2026-04-30T23:58:52","slug":"politica-de-privacidad","status":"publish","type":"page","link":"https:\/\/funobi.com\/es\/politica-de-privacidad\/","title":{"rendered":"Pol\u00edtica de privacidad"},"content":{"rendered":"\n<h2 class=\"wp-block-heading\">Privacidad sin sorpresas<\/h2>\n\n\n\n<p>Funobi crea apps educativas de entretenimiento de pago con un objetivo simple: juego tranquilo sin rastreo invasivo. No usamos anuncios dentro de nuestras apps, ni construimos nuestros productos en torno a la recolecci\u00f3n de datos.<\/p>\n\n\n\n<h3 class=\"wp-block-heading\">Qu\u00e9 recopilamos<\/h3>\n\n\n\n<p>Nuestro sitio web puede recibir registros de servidor est\u00e1ndar y datos de administraci\u00f3n de WordPress necesarios para ejecutar este sitio de desarrollo. Nuestras apps est\u00e1n dise\u00f1adas para evitar la recopilaci\u00f3n innecesaria de datos personales.<\/p>\n\n\n\n<h3 class=\"wp-block-heading\">Ni\u00f1os y familias<\/h3>\n\n\n\n<p>Los productos Funobi est\u00e1n hechos para familias. Si alguna vez tienes una pregunta sobre privacidad, contacta al estudio antes de compartir informaci\u00f3n personal a trav\u00e9s del sitio.<\/p>\n\n\n\n<h3 class=\"wp-block-heading\">Contacto<\/h3>\n\n\n\n<p>Las preguntas sobre privacidad pueden dirigirse a trav\u00e9s de los datos de contacto de Funobi publicados en este sitio.<\/p>\n","protected":false},"excerpt":{"rendered":"<p>C\u00f3mo Funobi gestiona la privacidad, la recopilaci\u00f3n de datos y el uso familiar de las apps.<\/p>\n","protected":false},"author":1,"featured_media":0,"parent":0,"menu_order":0,"comment_status":"closed","ping_status":"open","template":"","meta":{"_funobi_announcement_enabled":"0","_funobi_announcement_text":"","_funobi_announcement_link_label":"","_funobi_announcement_link_url":"","_funobi_hero_eyebrow":"","_funobi_hero_title_line_1":"","_funobi_hero_title_line_2":"","_funobi_hero_title_emphasis":"","_funobi_hero_lead_line_1":"","_funobi_hero_lead_line_2":"","_funobi_hero_sticker_line_1":"","_funobi_hero_sticker_line_2":"","_funobi_bundles_title":"","_funobi_collection_eyebrow":"","_funobi_collection_title_line_1":"","_funobi_collection_title_line_2":"","_funobi_collection_intro":"","_funobi_build_eyebrow":"","_funobi_build_title_line_1":"","_funobi_build_title_line_2":"","_funobi_build_title_line_3":"","_funobi_build_intro":"","_funobi_build_step_1":"","_funobi_build_step_2":"","_funobi_build_step_3":"","_funobi_reviews_eyebrow":"","_funobi_reviews_title_line_1":"","_funobi_reviews_title_line_2":"","_funobi_reviews_intro":"","_funobi_stats_1_value":"","_funobi_stats_1_label":"","_funobi_stats_2_value":"","_funobi_stats_2_label":"","_funobi_stats_3_value":"","_funobi_stats_3_label":"","_funobi_stats_4_value":"","_funobi_stats_4_label":"","_funobi_parents_eyebrow":"","_funobi_parents_title_line_1":"","_funobi_parents_title_line_2":"","_funobi_parents_title_line_3":"","_funobi_promise_eyebrow":"","_funobi_promise_title_line_1":"","_funobi_promise_title_line_2":"","_funobi_promise_body":"","_funobi_promise_cta_text":"","_funobi_promise_cta_url":"","_funobi_extra_content_enabled":"0","_funobi_bundles":[],"_funobi_apps":[],"_funobi_reviews":[],"_funobi_faqs":[],"_funobi_promise_items":[],"footnotes":""},"class_list":["post-96","page","type-page","status-publish","hentry"],"_links":{"self":[{"href":"https:\/\/funobi.com\/es\/wp-json\/wp\/v2\/pages\/96","targetHints":{"allow":["GET"]}}],"collection":[{"href":"https:\/\/funobi.com\/es\/wp-json\/wp\/v2\/pages"}],"about":[{"href":"https:\/\/funobi.com\/es\/wp-json\/wp\/v2\/types\/page"}],"author":[{"embeddable":true,"href":"https:\/\/funobi.com\/es\/wp-json\/wp\/v2\/users\/1"}],"replies":[{"embeddable":true,"href":"https:\/\/funobi.com\/es\/wp-json\/wp\/v2\/comments?post=96"}],"version-history":[{"count":4,"href":"https:\/\/funobi.com\/es\/wp-json\/wp\/v2\/pages\/96\/revisions"}],"predecessor-version":[{"id":494,"href":"https:\/\/funobi.com\/es\/wp-json\/wp\/v2\/pages\/96\/revisions\/494"}],"wp:attachment":[{"href":"https:\/\/funobi.com\/es\/wp-json\/wp\/v2\/media?parent=96"}],"curies":[{"name":"wp","href":"https:\/\/api.w.org\/{rel}","templated":true}]}}