{"id":110,"date":"2026-04-18T09:27:29","date_gmt":"2026-04-18T09:27:29","guid":{"rendered":"http:\/\/funobi-75-141-196-227.traefik.me\/train-kit\/"},"modified":"2026-04-30T23:58:54","modified_gmt":"2026-04-30T23:58:54","slug":"train-kit","status":"publish","type":"page","link":"https:\/\/funobi.com\/fr\/train-kit\/","title":{"rendered":"Train Kit"},"content":{"rendered":"\n<h2 class=\"wp-block-heading\">Construis un monde ferroviaire, puis monte dans la locomotive et roule dans ce que tu as cr\u00e9\u00e9.<\/h2>\n\n\n\n<p>Train Kit est l&rsquo;app de construction sandbox originale de Funobi pour iPhone et iPad, faite pour les constructeurs curieux d\u00e8s 3 ans, sans pubs, sans achats int\u00e9gr\u00e9s et avec un simple mod\u00e8le de paiement unique.<\/p>\n\n\n\n<div class=\"wp-block-columns is-layout-flex wp-container-core-columns-is-layout-9d6595d7 wp-block-columns-is-layout-flex\">\n<div class=\"wp-block-column is-layout-flow wp-block-column-is-layout-flow\">\n<h3 class=\"wp-block-heading\">Pose les rails<\/h3>\n\n\n\n<p>Assemble des lignes droites, des courbes, des tunnels, des ponts et des aiguillages pour cr\u00e9er n&rsquo;importe quoi, d&rsquo;une petite boucle \u00e0 un labyrinthe ferroviaire glorieusement enchev\u00eatr\u00e9.<\/p>\n<\/div>\n\n\n\n<div class=\"wp-block-column is-layout-flow wp-block-column-is-layout-flow\">\n<h3 class=\"wp-block-heading\">D\u00e9core le monde<\/h3>\n\n\n\n<p>Ajoute des gares, des maisons, des fermes, des arbres et des lacs. La grille indulgente garde la construction ludique au lieu d&rsquo;\u00eatre p\u00e9nible.<\/p>\n<\/div>\n\n\n\n<div class=\"wp-block-column is-layout-flow wp-block-column-is-layout-flow\">\n<h3 class=\"wp-block-heading\">Conduis le train<\/h3>\n\n\n\n<p>Passe en vue Passager et traverse le monde exact que tu viens de construire. On dirait que tu donnes vie \u00e0 un jeu de construction.<\/p>\n<\/div>\n<\/div>\n\n\n\n<h2 class=\"wp-block-heading\">Bien pour les familles<\/h2>\n\n\n\n<ul class=\"wp-block-list\">\n<li>Pas de pubs ni d&rsquo;achats int\u00e9gr\u00e9s<\/li>\n\n\n\n<li>Fonctionne hors ligne apr\u00e8s l&rsquo;installation<\/li>\n\n\n\n<li>Con\u00e7u pour les 3 ans et plus<\/li>\n\n\n\n<li>Achat unique simple<\/li>\n<\/ul>\n","protected":false},"excerpt":{"rendered":"<p>L&rsquo;app ferroviaire phare de Funobi pour construire et conduire, d\u00e8s 3 ans : ludique, sans pubs et facile \u00e0 explorer sur iPhone et iPad.<\/p>\n","protected":false},"author":1,"featured_media":0,"parent":0,"menu_order":0,"comment_status":"closed","ping_status":"closed","template":"page-template-app-landing.php","meta":{"_funobi_announcement_enabled":"0","_funobi_announcement_text":"","_funobi_announcement_link_label":"","_funobi_announcement_link_url":"","_funobi_hero_eyebrow":"","_funobi_hero_title_line_1":"","_funobi_hero_title_line_2":"","_funobi_hero_title_emphasis":"","_funobi_hero_lead_line_1":"","_funobi_hero_lead_line_2":"","_funobi_hero_sticker_line_1":"","_funobi_hero_sticker_line_2":"","_funobi_bundles_title":"","_funobi_collection_eyebrow":"","_funobi_collection_title_line_1":"","_funobi_collection_title_line_2":"","_funobi_collection_intro":"","_funobi_build_eyebrow":"","_funobi_build_title_line_1":"","_funobi_build_title_line_2":"","_funobi_build_title_line_3":"","_funobi_build_intro":"","_funobi_build_step_1":"","_funobi_build_step_2":"","_funobi_build_step_3":"","_funobi_reviews_eyebrow":"","_funobi_reviews_title_line_1":"","_funobi_reviews_title_line_2":"","_funobi_reviews_intro":"","_funobi_stats_1_value":"","_funobi_stats_1_label":"","_funobi_stats_2_value":"","_funobi_stats_2_label":"","_funobi_stats_3_value":"","_funobi_stats_3_label":"","_funobi_stats_4_value":"","_funobi_stats_4_label":"","_funobi_parents_eyebrow":"","_funobi_parents_title_line_1":"","_funobi_parents_title_line_2":"","_funobi_parents_title_line_3":"","_funobi_promise_eyebrow":"","_funobi_promise_title_line_1":"","_funobi_promise_title_line_2":"","_funobi_promise_body":"","_funobi_promise_cta_text":"","_funobi_promise_cta_url":"","_funobi_extra_content_enabled":"0","_funobi_bundles":[],"_funobi_apps":[],"_funobi_reviews":[],"_funobi_faqs":[],"_funobi_promise_items":[],"footnotes":""},"class_list":["post-110","page","type-page","status-publish","hentry"],"_links":{"self":[{"href":"https:\/\/funobi.com\/fr\/wp-json\/wp\/v2\/pages\/110","targetHints":{"allow":["GET"]}}],"collection":[{"href":"https:\/\/funobi.com\/fr\/wp-json\/wp\/v2\/pages"}],"about":[{"href":"https:\/\/funobi.com\/fr\/wp-json\/wp\/v2\/types\/page"}],"author":[{"embeddable":true,"href":"https:\/\/funobi.com\/fr\/wp-json\/wp\/v2\/users\/1"}],"replies":[{"embeddable":true,"href":"https:\/\/funobi.com\/fr\/wp-json\/wp\/v2\/comments?post=110"}],"version-history":[{"count":4,"href":"https:\/\/funobi.com\/fr\/wp-json\/wp\/v2\/pages\/110\/revisions"}],"predecessor-version":[{"id":498,"href":"https:\/\/funobi.com\/fr\/wp-json\/wp\/v2\/pages\/110\/revisions\/498"}],"wp:attachment":[{"href":"https:\/\/funobi.com\/fr\/wp-json\/wp\/v2\/media?parent=110"}],"curies":[{"name":"wp","href":"https:\/\/api.w.org\/{rel}","templated":true}]}}