{"id":308,"date":"2026-04-20T17:54:41","date_gmt":"2026-04-20T17:54:41","guid":{"rendered":"http:\/\/funobi-75-141-196-227.traefik.me\/car-kit-2\/"},"modified":"2026-04-30T23:59:13","modified_gmt":"2026-04-30T23:59:13","slug":"car-kit-2","status":"publish","type":"page","link":"https:\/\/funobi.com\/fr\/car-kit-2\/","title":{"rendered":"Car Kit"},"content":{"rendered":"\n<h2 class=\"wp-block-heading\">Construis une petite ville anim\u00e9e, puis prends le volant et roule \u00e0 travers tout ce que tu as cr\u00e9\u00e9.<\/h2>\n\n\n\n<p>Car Kit transforme la construction de routes en un sandbox joyeux pour iPhone et iPad. Trace des rues, ajoute des ponts et des b\u00e2timents, puis envoie des taxis, limousines et camions de pompiers rouler dans ta propre petite ville.<\/p>\n\n\n\n<div class=\"wp-block-columns is-layout-flex wp-container-core-columns-is-layout-9d6595d7 wp-block-columns-is-layout-flex\">\n<div class=\"wp-block-column is-layout-flow wp-block-column-is-layout-flow\">\n<h3 class=\"wp-block-heading\">Trace les routes<\/h3>\n\n\n\n<p>Assemble des rues, des courbes, des intersections et des ponts pour cr\u00e9er n&rsquo;importe quoi, d&rsquo;une grille de quartier soign\u00e9e \u00e0 une ville sinueuse pleine de d\u00e9tours.<\/p>\n<\/div>\n\n\n\n<div class=\"wp-block-column is-layout-flow wp-block-column-is-layout-flow\">\n<h3 class=\"wp-block-heading\">Construis la ville<\/h3>\n\n\n\n<p>Ajoute des b\u00e2timents et des d\u00e9tails urbains pour transformer le trac\u00e9 des routes en un endroit qui semble vivant, ludique et pr\u00eat pour un autre trajet en ville.<\/p>\n<\/div>\n\n\n\n<div class=\"wp-block-column is-layout-flow wp-block-column-is-layout-flow\">\n<h3 class=\"wp-block-heading\">Conduis les v\u00e9hicules<\/h3>\n\n\n\n<p>Change de vue et traverse les rues exactes que tu viens de construire, que tu aies envie de faire un tour en taxi, limousine ou camion de pompiers.<\/p>\n<\/div>\n<\/div>\n\n\n\n<h2 class=\"wp-block-heading\">Bien pour les familles<\/h2>\n\n\n\n<ul class=\"wp-block-list\">\n<li>Contr\u00f4les tactiles faciles pour les jeunes constructeurs<\/li>\n\n\n<li>Jeu de construction de villes qui r\u00e9compense l&rsquo;exp\u00e9rimentation<\/li>\n\n\n<li>Fait pour des sessions r\u00e9p\u00e9t\u00e9es et la cr\u00e9ativit\u00e9 libre<\/li>\n\n\n<li>Un monde joyeux \u00e0 construire, conduire et reconstruire<\/li>\n<\/ul>\n","protected":false},"excerpt":{"rendered":"<p>Construis une petite ville anim\u00e9e, puis prends le volant et roule \u00e0 travers tout ce que tu as cr\u00e9\u00e9. Car Kit transforme la construction de routes en un sandbox joyeux pour iPhone et iPad. Trace des rues, ajoute des ponts et des b\u00e2timents, puis envoie des taxis, limousines et camions de pompiers rouler dans ta [&hellip;]<\/p>\n","protected":false},"author":1,"featured_media":0,"parent":0,"menu_order":0,"comment_status":"closed","ping_status":"closed","template":"page-template-app-landing.php","meta":{"_funobi_announcement_enabled":"0","_funobi_announcement_text":"","_funobi_announcement_link_label":"","_funobi_announcement_link_url":"","_funobi_hero_eyebrow":"","_funobi_hero_title_line_1":"","_funobi_hero_title_line_2":"","_funobi_hero_title_emphasis":"","_funobi_hero_lead_line_1":"","_funobi_hero_lead_line_2":"","_funobi_hero_sticker_line_1":"","_funobi_hero_sticker_line_2":"","_funobi_bundles_title":"","_funobi_collection_eyebrow":"","_funobi_collection_title_line_1":"","_funobi_collection_title_line_2":"","_funobi_collection_intro":"","_funobi_build_eyebrow":"","_funobi_build_title_line_1":"","_funobi_build_title_line_2":"","_funobi_build_title_line_3":"","_funobi_build_intro":"","_funobi_build_step_1":"","_funobi_build_step_2":"","_funobi_build_step_3":"","_funobi_reviews_eyebrow":"","_funobi_reviews_title_line_1":"","_funobi_reviews_title_line_2":"","_funobi_reviews_intro":"","_funobi_stats_1_value":"","_funobi_stats_1_label":"","_funobi_stats_2_value":"","_funobi_stats_2_label":"","_funobi_stats_3_value":"","_funobi_stats_3_label":"","_funobi_stats_4_value":"","_funobi_stats_4_label":"","_funobi_parents_eyebrow":"","_funobi_parents_title_line_1":"","_funobi_parents_title_line_2":"","_funobi_parents_title_line_3":"","_funobi_promise_eyebrow":"","_funobi_promise_title_line_1":"","_funobi_promise_title_line_2":"","_funobi_promise_body":"","_funobi_promise_cta_text":"","_funobi_promise_cta_url":"","_funobi_extra_content_enabled":"0","_funobi_bundles":[],"_funobi_apps":[],"_funobi_reviews":[],"_funobi_faqs":[],"_funobi_promise_items":[],"footnotes":""},"class_list":["post-308","page","type-page","status-publish","hentry"],"_links":{"self":[{"href":"https:\/\/funobi.com\/fr\/wp-json\/wp\/v2\/pages\/308","targetHints":{"allow":["GET"]}}],"collection":[{"href":"https:\/\/funobi.com\/fr\/wp-json\/wp\/v2\/pages"}],"about":[{"href":"https:\/\/funobi.com\/fr\/wp-json\/wp\/v2\/types\/page"}],"author":[{"embeddable":true,"href":"https:\/\/funobi.com\/fr\/wp-json\/wp\/v2\/users\/1"}],"replies":[{"embeddable":true,"href":"https:\/\/funobi.com\/fr\/wp-json\/wp\/v2\/comments?post=308"}],"version-history":[{"count":2,"href":"https:\/\/funobi.com\/fr\/wp-json\/wp\/v2\/pages\/308\/revisions"}],"predecessor-version":[{"id":544,"href":"https:\/\/funobi.com\/fr\/wp-json\/wp\/v2\/pages\/308\/revisions\/544"}],"wp:attachment":[{"href":"https:\/\/funobi.com\/fr\/wp-json\/wp\/v2\/media?parent=308"}],"curies":[{"name":"wp","href":"https:\/\/api.w.org\/{rel}","templated":true}]}}