{"id":317,"date":"2026-04-20T17:54:41","date_gmt":"2026-04-20T17:54:41","guid":{"rendered":"http:\/\/funobi-75-141-196-227.traefik.me\/car-kit-racing-2\/"},"modified":"2026-04-30T23:59:17","modified_gmt":"2026-04-30T23:59:17","slug":"car-kit-racing-2","status":"publish","type":"page","link":"https:\/\/funobi.com\/fr\/car-kit-racing-2\/","title":{"rendered":"Car Kit: Racing"},"content":{"rendered":"\n<h2 class=\"wp-block-heading\">Une version plus rapide de Car Kit ax\u00e9e sur les circuits, o\u00f9 les enfants peuvent concevoir des routes, choisir un v\u00e9hicule et continuer \u00e0 chercher un tour de plus.<\/h2>\n\n\n\n<p>Con\u00e7ois une piste, choisis ton v\u00e9hicule et fonce. Le meilleur tour gagne.<\/p>\n\n\n\n<div class=\"wp-block-columns is-layout-flex wp-container-core-columns-is-layout-9d6595d7 wp-block-columns-is-layout-flex\">\n<div class=\"wp-block-column is-layout-flow wp-block-column-is-layout-flow\">\n<h3 class=\"wp-block-heading\">Construire<\/h3>\n\n\n\n<p>Cr\u00e9e des sc\u00e8nes pi\u00e8ce par pi\u00e8ce avec des contr\u00f4les simples qui rendent l&rsquo;exp\u00e9rimentation ludique plut\u00f4t que p\u00e9nible.<\/p>\n<\/div>\n\n\n\n<div class=\"wp-block-column is-layout-flow wp-block-column-is-layout-flow\">\n<h3 class=\"wp-block-heading\">Conduire<\/h3>\n\n\n\n<p>Zoome dans le monde et profite des petits v\u00e9hicules, rails ou man\u00e8ges du point de vue d&rsquo;un enfant, ce qui rend les apps Funobi vivantes.<\/p>\n<\/div>\n\n\n\n<div class=\"wp-block-column is-layout-flow wp-block-column-is-layout-flow\">\n<h3 class=\"wp-block-heading\">Rejouer<\/h3>\n\n\n\n<p>Reviens pour de nouvelles dispositions, de nouvelles histoires, et ce genre de jeu r\u00e9p\u00e9t\u00e9 et calme qui fonctionne bien \u00e0 la maison ou en d\u00e9placement.<\/p>\n<\/div>\n<\/div>\n\n\n\n<h2 class=\"wp-block-heading\">Bien pour les familles<\/h2>\n\n\n\n<ul class=\"wp-block-list\">\n<li>Jeu de construction lumineux et accessible<\/li>\n\n\n<li>Fait pour les petits passionn\u00e9s de voitures qui adorent construire<\/li>\n\n\n<li>Facile \u00e0 revisiter pour des sessions rapides ou de grandes cr\u00e9ations<\/li>\n<\/ul>\n","protected":false},"excerpt":{"rendered":"<p>Une version plus rapide de Car Kit ax\u00e9e sur les circuits, o\u00f9 les enfants peuvent concevoir des routes, choisir un v\u00e9hicule et continuer \u00e0 chercher un tour de plus. Con\u00e7ois une piste, choisis ton v\u00e9hicule et fonce. Le meilleur tour gagne. Construire Cr\u00e9e des sc\u00e8nes pi\u00e8ce par pi\u00e8ce avec des contr\u00f4les simples qui rendent l&rsquo;exp\u00e9rimentation [&hellip;]<\/p>\n","protected":false},"author":1,"featured_media":0,"parent":0,"menu_order":0,"comment_status":"closed","ping_status":"closed","template":"page-template-app-landing.php","meta":{"_funobi_announcement_enabled":"0","_funobi_announcement_text":"","_funobi_announcement_link_label":"","_funobi_announcement_link_url":"","_funobi_hero_eyebrow":"","_funobi_hero_title_line_1":"","_funobi_hero_title_line_2":"","_funobi_hero_title_emphasis":"","_funobi_hero_lead_line_1":"","_funobi_hero_lead_line_2":"","_funobi_hero_sticker_line_1":"","_funobi_hero_sticker_line_2":"","_funobi_bundles_title":"","_funobi_collection_eyebrow":"","_funobi_collection_title_line_1":"","_funobi_collection_title_line_2":"","_funobi_collection_intro":"","_funobi_build_eyebrow":"","_funobi_build_title_line_1":"","_funobi_build_title_line_2":"","_funobi_build_title_line_3":"","_funobi_build_intro":"","_funobi_build_step_1":"","_funobi_build_step_2":"","_funobi_build_step_3":"","_funobi_reviews_eyebrow":"","_funobi_reviews_title_line_1":"","_funobi_reviews_title_line_2":"","_funobi_reviews_intro":"","_funobi_stats_1_value":"","_funobi_stats_1_label":"","_funobi_stats_2_value":"","_funobi_stats_2_label":"","_funobi_stats_3_value":"","_funobi_stats_3_label":"","_funobi_stats_4_value":"","_funobi_stats_4_label":"","_funobi_parents_eyebrow":"","_funobi_parents_title_line_1":"","_funobi_parents_title_line_2":"","_funobi_parents_title_line_3":"","_funobi_promise_eyebrow":"","_funobi_promise_title_line_1":"","_funobi_promise_title_line_2":"","_funobi_promise_body":"","_funobi_promise_cta_text":"","_funobi_promise_cta_url":"","_funobi_extra_content_enabled":"0","_funobi_bundles":[],"_funobi_apps":[],"_funobi_reviews":[],"_funobi_faqs":[],"_funobi_promise_items":[],"footnotes":""},"class_list":["post-317","page","type-page","status-publish","hentry"],"_links":{"self":[{"href":"https:\/\/funobi.com\/fr\/wp-json\/wp\/v2\/pages\/317","targetHints":{"allow":["GET"]}}],"collection":[{"href":"https:\/\/funobi.com\/fr\/wp-json\/wp\/v2\/pages"}],"about":[{"href":"https:\/\/funobi.com\/fr\/wp-json\/wp\/v2\/types\/page"}],"author":[{"embeddable":true,"href":"https:\/\/funobi.com\/fr\/wp-json\/wp\/v2\/users\/1"}],"replies":[{"embeddable":true,"href":"https:\/\/funobi.com\/fr\/wp-json\/wp\/v2\/comments?post=317"}],"version-history":[{"count":2,"href":"https:\/\/funobi.com\/fr\/wp-json\/wp\/v2\/pages\/317\/revisions"}],"predecessor-version":[{"id":553,"href":"https:\/\/funobi.com\/fr\/wp-json\/wp\/v2\/pages\/317\/revisions\/553"}],"wp:attachment":[{"href":"https:\/\/funobi.com\/fr\/wp-json\/wp\/v2\/media?parent=317"}],"curies":[{"name":"wp","href":"https:\/\/api.w.org\/{rel}","templated":true}]}}