{"id":326,"date":"2026-04-20T17:54:42","date_gmt":"2026-04-20T17:54:42","guid":{"rendered":"http:\/\/funobi-75-141-196-227.traefik.me\/monster-truck-kit-2\/"},"modified":"2026-04-30T23:59:21","modified_gmt":"2026-04-30T23:59:21","slug":"monster-truck-kit-2","status":"publish","type":"page","link":"https:\/\/funobi.com\/fr\/monster-truck-kit-2\/","title":{"rendered":"Monster Truck Kit"},"content":{"rendered":"\n<h2 class=\"wp-block-heading\">Construis des parcours de cascades surdimensionn\u00e9s, puis laisse les monster trucks rebondir, s&rsquo;\u00e9craser et tonner dans un jeu superbement chaotique.<\/h2>\n\n\n\n<p>Grands sauts, grandes flaques, grands crashes. Bouchons d&rsquo;oreilles non inclus.<\/p>\n\n\n\n<div class=\"wp-block-columns is-layout-flex wp-container-core-columns-is-layout-9d6595d7 wp-block-columns-is-layout-flex\">\n<div class=\"wp-block-column is-layout-flow wp-block-column-is-layout-flow\">\n<h3 class=\"wp-block-heading\">Construire<\/h3>\n\n\n\n<p>Cr\u00e9e des sc\u00e8nes pi\u00e8ce par pi\u00e8ce avec des contr\u00f4les simples qui rendent l&rsquo;exp\u00e9rimentation ludique plut\u00f4t que tatillonne.<\/p>\n<\/div>\n\n\n\n<div class=\"wp-block-column is-layout-flow wp-block-column-is-layout-flow\">\n<h3 class=\"wp-block-heading\">Conduire<\/h3>\n\n\n\n<p>Zoome dans le monde et profite des petits v\u00e9hicules, rails ou man\u00e8ges du point de vue d&rsquo;un enfant, ce qui rend les apps Funobi vivantes.<\/p>\n<\/div>\n\n\n\n<div class=\"wp-block-column is-layout-flow wp-block-column-is-layout-flow\">\n<h3 class=\"wp-block-heading\">Rejouer<\/h3>\n\n\n\n<p>Reviens pour de nouvelles dispositions, de nouvelles histoires, et ce genre de jeu r\u00e9p\u00e9t\u00e9 et calme qui fonctionne bien \u00e0 la maison ou en d\u00e9placement.<\/p>\n<\/div>\n<\/div>\n\n\n\n<h2 class=\"wp-block-heading\">Bien pour les familles<\/h2>\n\n\n\n<ul class=\"wp-block-list\">\n<li>Jeu de construction joyeux et accessible<\/li>\n\n\n<li>Fait pour les enfants curieux et les adultes plus calmes<\/li>\n\n\n<li>Facile \u00e0 revisiter pour des sessions rapides ou de grandes cr\u00e9ations<\/li>\n<\/ul>\n","protected":false},"excerpt":{"rendered":"<p>Construis des parcours de cascades surdimensionn\u00e9s, puis laisse les monster trucks rebondir, s&rsquo;\u00e9craser et tonner dans un jeu superbement chaotique. Grands sauts, grandes flaques, grands crashes. Bouchons d&rsquo;oreilles non inclus. Construire Cr\u00e9e des sc\u00e8nes pi\u00e8ce par pi\u00e8ce avec des contr\u00f4les simples qui rendent l&rsquo;exp\u00e9rimentation ludique plut\u00f4t que tatillonne. Conduire Zoome dans le monde et profite [&hellip;]<\/p>\n","protected":false},"author":1,"featured_media":0,"parent":0,"menu_order":0,"comment_status":"closed","ping_status":"closed","template":"page-template-app-landing.php","meta":{"_funobi_announcement_enabled":"0","_funobi_announcement_text":"","_funobi_announcement_link_label":"","_funobi_announcement_link_url":"","_funobi_hero_eyebrow":"","_funobi_hero_title_line_1":"","_funobi_hero_title_line_2":"","_funobi_hero_title_emphasis":"","_funobi_hero_lead_line_1":"","_funobi_hero_lead_line_2":"","_funobi_hero_sticker_line_1":"","_funobi_hero_sticker_line_2":"","_funobi_bundles_title":"","_funobi_collection_eyebrow":"","_funobi_collection_title_line_1":"","_funobi_collection_title_line_2":"","_funobi_collection_intro":"","_funobi_build_eyebrow":"","_funobi_build_title_line_1":"","_funobi_build_title_line_2":"","_funobi_build_title_line_3":"","_funobi_build_intro":"","_funobi_build_step_1":"","_funobi_build_step_2":"","_funobi_build_step_3":"","_funobi_reviews_eyebrow":"","_funobi_reviews_title_line_1":"","_funobi_reviews_title_line_2":"","_funobi_reviews_intro":"","_funobi_stats_1_value":"","_funobi_stats_1_label":"","_funobi_stats_2_value":"","_funobi_stats_2_label":"","_funobi_stats_3_value":"","_funobi_stats_3_label":"","_funobi_stats_4_value":"","_funobi_stats_4_label":"","_funobi_parents_eyebrow":"","_funobi_parents_title_line_1":"","_funobi_parents_title_line_2":"","_funobi_parents_title_line_3":"","_funobi_promise_eyebrow":"","_funobi_promise_title_line_1":"","_funobi_promise_title_line_2":"","_funobi_promise_body":"","_funobi_promise_cta_text":"","_funobi_promise_cta_url":"","_funobi_extra_content_enabled":"0","_funobi_bundles":[],"_funobi_apps":[],"_funobi_reviews":[],"_funobi_faqs":[],"_funobi_promise_items":[],"footnotes":""},"class_list":["post-326","page","type-page","status-publish","hentry"],"_links":{"self":[{"href":"https:\/\/funobi.com\/fr\/wp-json\/wp\/v2\/pages\/326","targetHints":{"allow":["GET"]}}],"collection":[{"href":"https:\/\/funobi.com\/fr\/wp-json\/wp\/v2\/pages"}],"about":[{"href":"https:\/\/funobi.com\/fr\/wp-json\/wp\/v2\/types\/page"}],"author":[{"embeddable":true,"href":"https:\/\/funobi.com\/fr\/wp-json\/wp\/v2\/users\/1"}],"replies":[{"embeddable":true,"href":"https:\/\/funobi.com\/fr\/wp-json\/wp\/v2\/comments?post=326"}],"version-history":[{"count":2,"href":"https:\/\/funobi.com\/fr\/wp-json\/wp\/v2\/pages\/326\/revisions"}],"predecessor-version":[{"id":562,"href":"https:\/\/funobi.com\/fr\/wp-json\/wp\/v2\/pages\/326\/revisions\/562"}],"wp:attachment":[{"href":"https:\/\/funobi.com\/fr\/wp-json\/wp\/v2\/media?parent=326"}],"curies":[{"name":"wp","href":"https:\/\/api.w.org\/{rel}","templated":true}]}}