{"id":72,"date":"2026-04-18T08:45:27","date_gmt":"2026-04-18T08:45:27","guid":{"rendered":"http:\/\/funobi-75-141-196-227.traefik.me\/?page_id=72"},"modified":"2026-04-30T23:58:47","modified_gmt":"2026-04-30T23:58:47","slug":"a-propos-de-funobi","status":"publish","type":"page","link":"https:\/\/funobi.com\/fr\/a-propos-de-funobi\/","title":{"rendered":"\u00c0 propos"},"content":{"rendered":"\n<div class=\"wp-block-group is-style-funobi-panel is-layout-constrained wp-block-group-is-layout-constrained\">\n<p class=\"funobi-kicker\">Notre mission<\/p>\n\n\n\n<h2 class=\"wp-block-heading\">Nous cr\u00e9ons des mondes sandbox cr\u00e9atifs pour constructeurs de tout \u00e2ge.<\/h2>\n\n\n\n<p>Nous construisons des apps ludiques pour iPhone et iPad qui vous permettent d&rsquo;assembler des rails, des routes, des montagnes russes et de petits mondes \u00e0 votre rythme. L&rsquo;objectif est simple : du temps d&rsquo;\u00e9cran sans pubs qui ressemble plus \u00e0 une bo\u00eete \u00e0 jouets qu&rsquo;\u00e0 un labyrinthe mon\u00e9tis\u00e9.<\/p>\n<\/div>\n\n\n\n<div class=\"wp-block-columns is-style-funobi-cards is-layout-flex wp-container-core-columns-is-layout-9d6595d7 wp-block-columns-is-layout-flex\">\n<div class=\"wp-block-column is-layout-flow wp-block-column-is-layout-flow\">\n<h3 class=\"wp-block-heading\">Sans pubs par d\u00e9faut<\/h3>\n\n\n\n<p>Pas de pubs, pas de ventes additionnelles, pas de jeu interrompu.<\/p>\n<\/div>\n\n\n\n<div class=\"wp-block-column is-layout-flow wp-block-column-is-layout-flow\">\n<h3 class=\"wp-block-heading\">Con\u00e7u pour les constructeurs<\/h3>\n\n\n\n<p>Chaque app Funobi commence avec de grosses pi\u00e8ces, des des commandes indulgentes et de la place pour exp\u00e9rimenter.<\/p>\n<\/div>\n\n\n\n<div class=\"wp-block-column is-layout-flow wp-block-column-is-layout-flow\">\n<h3 class=\"wp-block-heading\">Temps d&rsquo;\u00e9cran plus calme<\/h3>\n\n\n\n<p>Vous pouvez bricoler, reconstruire et parcourir ce que vous avez construit sans pression ni bruit.<\/p>\n<\/div>\n<\/div>\n\n\n\n<div class=\"wp-block-group funobi-pattern-band is-layout-constrained wp-block-group-is-layout-constrained\">\n<p class=\"funobi-kicker\">\u00c0 quoi s&rsquo;attendre<\/p>\n\n\n\n<h2 class=\"wp-block-heading\">Des apps amicales, des r\u00e8gles simples et beaucoup de place pour explorer.<\/h2>\n\n\n\n<ul class=\"wp-block-list\">\n<li>Con\u00e7u pour les constructeurs d\u00e8s 3 ans<\/li>\n\n\n\n<li>Fonctionne parfaitement pour le jeu ind\u00e9pendant et le jeu partag\u00e9<\/li>\n\n\n\n<li>Fait pour iPhone et iPad avec un simple mod\u00e8le de paiement unique<\/li>\n<\/ul>\n<\/div>\n\n\n\n<p><\/p>\n","protected":false},"excerpt":{"rendered":"<p>Rencontrez le petit studio derri\u00e8re les apps de construction sans pubs de Funobi pour enfants curieux.<\/p>\n","protected":false},"author":1,"featured_media":0,"parent":0,"menu_order":0,"comment_status":"closed","ping_status":"open","template":"","meta":{"_funobi_announcement_enabled":"0","_funobi_announcement_text":"","_funobi_announcement_link_label":"","_funobi_announcement_link_url":"","_funobi_hero_eyebrow":"","_funobi_hero_title_line_1":"","_funobi_hero_title_line_2":"","_funobi_hero_title_emphasis":"","_funobi_hero_lead_line_1":"","_funobi_hero_lead_line_2":"","_funobi_hero_sticker_line_1":"","_funobi_hero_sticker_line_2":"","_funobi_bundles_title":"","_funobi_collection_eyebrow":"","_funobi_collection_title_line_1":"","_funobi_collection_title_line_2":"","_funobi_collection_intro":"","_funobi_build_eyebrow":"","_funobi_build_title_line_1":"","_funobi_build_title_line_2":"","_funobi_build_title_line_3":"","_funobi_build_intro":"","_funobi_build_step_1":"","_funobi_build_step_2":"","_funobi_build_step_3":"","_funobi_reviews_eyebrow":"","_funobi_reviews_title_line_1":"","_funobi_reviews_title_line_2":"","_funobi_reviews_intro":"","_funobi_stats_1_value":"","_funobi_stats_1_label":"","_funobi_stats_2_value":"","_funobi_stats_2_label":"","_funobi_stats_3_value":"","_funobi_stats_3_label":"","_funobi_stats_4_value":"","_funobi_stats_4_label":"","_funobi_parents_eyebrow":"","_funobi_parents_title_line_1":"","_funobi_parents_title_line_2":"","_funobi_parents_title_line_3":"","_funobi_promise_eyebrow":"","_funobi_promise_title_line_1":"","_funobi_promise_title_line_2":"","_funobi_promise_body":"","_funobi_promise_cta_text":"","_funobi_promise_cta_url":"","_funobi_extra_content_enabled":"0","_funobi_bundles":[],"_funobi_apps":[],"_funobi_reviews":[],"_funobi_faqs":[],"_funobi_promise_items":[],"footnotes":""},"class_list":["post-72","page","type-page","status-publish","hentry"],"_links":{"self":[{"href":"https:\/\/funobi.com\/fr\/wp-json\/wp\/v2\/pages\/72","targetHints":{"allow":["GET"]}}],"collection":[{"href":"https:\/\/funobi.com\/fr\/wp-json\/wp\/v2\/pages"}],"about":[{"href":"https:\/\/funobi.com\/fr\/wp-json\/wp\/v2\/types\/page"}],"author":[{"embeddable":true,"href":"https:\/\/funobi.com\/fr\/wp-json\/wp\/v2\/users\/1"}],"replies":[{"embeddable":true,"href":"https:\/\/funobi.com\/fr\/wp-json\/wp\/v2\/comments?post=72"}],"version-history":[{"count":3,"href":"https:\/\/funobi.com\/fr\/wp-json\/wp\/v2\/pages\/72\/revisions"}],"predecessor-version":[{"id":482,"href":"https:\/\/funobi.com\/fr\/wp-json\/wp\/v2\/pages\/72\/revisions\/482"}],"wp:attachment":[{"href":"https:\/\/funobi.com\/fr\/wp-json\/wp\/v2\/media?parent=72"}],"curies":[{"name":"wp","href":"https:\/\/api.w.org\/{rel}","templated":true}]}}