{"id":90,"date":"2026-04-18T08:45:27","date_gmt":"2026-04-18T08:45:27","guid":{"rendered":"http:\/\/funobi-75-141-196-227.traefik.me\/?page_id=90"},"modified":"2026-04-30T23:58:51","modified_gmt":"2026-04-30T23:58:51","slug":"politique-de-confidentialite","status":"publish","type":"page","link":"https:\/\/funobi.com\/fr\/politique-de-confidentialite\/","title":{"rendered":"Politique de confidentialit\u00e9"},"content":{"rendered":"\n<h2 class=\"wp-block-heading\">Confidentialit\u00e9 sans surprises<\/h2>\n\n\n\n<p>Funobi cr\u00e9e des apps ludo-\u00e9ducatives payantes avec un objectif simple : un jeu paisible sans pistage intrusif. Nous n&rsquo;utilisons pas de publicit\u00e9s dans nos apps, et nous ne construisons pas nos produits autour de la collecte de donn\u00e9es.<\/p>\n\n\n\n<h3 class=\"wp-block-heading\">Ce que nous collectons<\/h3>\n\n\n\n<p>Notre site web peut recevoir des logs de serveur standard et des donn\u00e9es d&rsquo;administration WordPress n\u00e9cessaires au fonctionnement de ce site de d\u00e9veloppement. Nos apps sont con\u00e7ues pour \u00e9viter la collecte inutile de donn\u00e9es personnelles.<\/p>\n\n\n\n<h3 class=\"wp-block-heading\">Enfants et familles<\/h3>\n\n\n\n<p>Les produits Funobi sont faits pour les familles. Si vous avez une question sur la confidentialit\u00e9, veuillez contacter le studio avant de partager des informations personnelles via le site.<\/p>\n\n\n\n<h3 class=\"wp-block-heading\">Contact<\/h3>\n\n\n\n<p>Les questions sur la confidentialit\u00e9 peuvent \u00eatre adress\u00e9es via les coordonn\u00e9es de Funobi publi\u00e9es sur ce site.<\/p>\n","protected":false},"excerpt":{"rendered":"<p>Comment Funobi g\u00e8re la confidentialit\u00e9, la collecte de donn\u00e9es et l&rsquo;utilisation familiale des apps.<\/p>\n","protected":false},"author":1,"featured_media":0,"parent":0,"menu_order":0,"comment_status":"closed","ping_status":"open","template":"","meta":{"_funobi_announcement_enabled":"0","_funobi_announcement_text":"","_funobi_announcement_link_label":"","_funobi_announcement_link_url":"","_funobi_hero_eyebrow":"","_funobi_hero_title_line_1":"","_funobi_hero_title_line_2":"","_funobi_hero_title_emphasis":"","_funobi_hero_lead_line_1":"","_funobi_hero_lead_line_2":"","_funobi_hero_sticker_line_1":"","_funobi_hero_sticker_line_2":"","_funobi_bundles_title":"","_funobi_collection_eyebrow":"","_funobi_collection_title_line_1":"","_funobi_collection_title_line_2":"","_funobi_collection_intro":"","_funobi_build_eyebrow":"","_funobi_build_title_line_1":"","_funobi_build_title_line_2":"","_funobi_build_title_line_3":"","_funobi_build_intro":"","_funobi_build_step_1":"","_funobi_build_step_2":"","_funobi_build_step_3":"","_funobi_reviews_eyebrow":"","_funobi_reviews_title_line_1":"","_funobi_reviews_title_line_2":"","_funobi_reviews_intro":"","_funobi_stats_1_value":"","_funobi_stats_1_label":"","_funobi_stats_2_value":"","_funobi_stats_2_label":"","_funobi_stats_3_value":"","_funobi_stats_3_label":"","_funobi_stats_4_value":"","_funobi_stats_4_label":"","_funobi_parents_eyebrow":"","_funobi_parents_title_line_1":"","_funobi_parents_title_line_2":"","_funobi_parents_title_line_3":"","_funobi_promise_eyebrow":"","_funobi_promise_title_line_1":"","_funobi_promise_title_line_2":"","_funobi_promise_body":"","_funobi_promise_cta_text":"","_funobi_promise_cta_url":"","_funobi_extra_content_enabled":"0","_funobi_bundles":[],"_funobi_apps":[],"_funobi_reviews":[],"_funobi_faqs":[],"_funobi_promise_items":[],"footnotes":""},"class_list":["post-90","page","type-page","status-publish","hentry"],"_links":{"self":[{"href":"https:\/\/funobi.com\/fr\/wp-json\/wp\/v2\/pages\/90","targetHints":{"allow":["GET"]}}],"collection":[{"href":"https:\/\/funobi.com\/fr\/wp-json\/wp\/v2\/pages"}],"about":[{"href":"https:\/\/funobi.com\/fr\/wp-json\/wp\/v2\/types\/page"}],"author":[{"embeddable":true,"href":"https:\/\/funobi.com\/fr\/wp-json\/wp\/v2\/users\/1"}],"replies":[{"embeddable":true,"href":"https:\/\/funobi.com\/fr\/wp-json\/wp\/v2\/comments?post=90"}],"version-history":[{"count":5,"href":"https:\/\/funobi.com\/fr\/wp-json\/wp\/v2\/pages\/90\/revisions"}],"predecessor-version":[{"id":491,"href":"https:\/\/funobi.com\/fr\/wp-json\/wp\/v2\/pages\/90\/revisions\/491"}],"wp:attachment":[{"href":"https:\/\/funobi.com\/fr\/wp-json\/wp\/v2\/media?parent=90"}],"curies":[{"name":"wp","href":"https:\/\/api.w.org\/{rel}","templated":true}]}}