{"id":337,"date":"2026-04-20T17:54:42","date_gmt":"2026-04-20T17:54:42","guid":{"rendered":"http:\/\/funobi-75-141-196-227.traefik.me\/roller-coaster-kit-2\/"},"modified":"2026-04-30T23:59:25","modified_gmt":"2026-04-30T23:59:25","slug":"roller-coaster-kit-2","status":"publish","type":"page","link":"https:\/\/funobi.com\/it\/roller-coaster-kit-2\/","title":{"rendered":"Roller Coaster Kit"},"content":{"rendered":"\n<h2 class=\"wp-block-heading\">Costruisci montagne russe emozionanti con ascensori imponenti, curve a loop e discese ad alta velocit\u00e0, poi salici sopra tu stesso.<\/h2>\n\n\n\n<p>Costruisci e prova montagne russe emozionanti con ascensori, curve ad alta velocit\u00e0 e un sacco di loop. Il tuo stomaco non si assume responsabilit\u00e0 per i danni.<\/p>\n\n\n\n<div class=\"wp-block-columns is-layout-flex wp-container-core-columns-is-layout-9d6595d7 wp-block-columns-is-layout-flex\">\n<div class=\"wp-block-column is-layout-flow wp-block-column-is-layout-flow\">\n<h3 class=\"wp-block-heading\">Costruire<\/h3>\n\n\n\n<p>Crea scene pezzo per pezzo con controlli semplici che rendono l&#8217;esperimentare divertente invece che fastidioso.<\/p>\n<\/div>\n\n\n\n<div class=\"wp-block-column is-layout-flow wp-block-column-is-layout-flow\">\n<h3 class=\"wp-block-heading\">A bordo<\/h3>\n\n\n\n<p>Zooma nel mondo e goditi i piccoli veicoli, binari o giri dal punto di vista di un bambino, ci\u00f2 che rende le app Funobi vivaci.<\/p>\n<\/div>\n\n\n\n<div class=\"wp-block-column is-layout-flow wp-block-column-is-layout-flow\">\n<h3 class=\"wp-block-heading\">Ripetere<\/h3>\n\n\n\n<p>Torna per nuovi layout, nuove storie e quel tipo di gioco ripetuto e calmo che funziona bene a casa o in movimento.<\/p>\n<\/div>\n<\/div>\n\n\n\n<h2 class=\"wp-block-heading\">Adatto alle famiglie<\/h2>\n\n\n\n<ul class=\"wp-block-list\">\n<li>Gioco di costruzione brillante e accessibile<\/li>\n\n\n<li>Fatto per bambini curiosi e adulti pi\u00f9 tranquilli<\/li>\n\n\n<li>Facile da rivisitare per sessioni veloci o grandi creazioni<\/li>\n<\/ul>\n","protected":false},"excerpt":{"rendered":"<p>Costruisci montagne russe emozionanti con ascensori imponenti, curve a loop e discese ad alta velocit\u00e0, poi salici sopra tu stesso. Costruisci e prova montagne russe emozionanti con ascensori, curve ad alta velocit\u00e0 e un sacco di loop. Il tuo stomaco non si assume responsabilit\u00e0 per i danni. Costruire Crea scene pezzo per pezzo con controlli [&hellip;]<\/p>\n","protected":false},"author":1,"featured_media":0,"parent":0,"menu_order":0,"comment_status":"closed","ping_status":"closed","template":"page-template-app-landing.php","meta":{"_funobi_announcement_enabled":"0","_funobi_announcement_text":"","_funobi_announcement_link_label":"","_funobi_announcement_link_url":"","_funobi_hero_eyebrow":"","_funobi_hero_title_line_1":"","_funobi_hero_title_line_2":"","_funobi_hero_title_emphasis":"","_funobi_hero_lead_line_1":"","_funobi_hero_lead_line_2":"","_funobi_hero_sticker_line_1":"","_funobi_hero_sticker_line_2":"","_funobi_bundles_title":"","_funobi_collection_eyebrow":"","_funobi_collection_title_line_1":"","_funobi_collection_title_line_2":"","_funobi_collection_intro":"","_funobi_build_eyebrow":"","_funobi_build_title_line_1":"","_funobi_build_title_line_2":"","_funobi_build_title_line_3":"","_funobi_build_intro":"","_funobi_build_step_1":"","_funobi_build_step_2":"","_funobi_build_step_3":"","_funobi_reviews_eyebrow":"","_funobi_reviews_title_line_1":"","_funobi_reviews_title_line_2":"","_funobi_reviews_intro":"","_funobi_stats_1_value":"","_funobi_stats_1_label":"","_funobi_stats_2_value":"","_funobi_stats_2_label":"","_funobi_stats_3_value":"","_funobi_stats_3_label":"","_funobi_stats_4_value":"","_funobi_stats_4_label":"","_funobi_parents_eyebrow":"","_funobi_parents_title_line_1":"","_funobi_parents_title_line_2":"","_funobi_parents_title_line_3":"","_funobi_promise_eyebrow":"","_funobi_promise_title_line_1":"","_funobi_promise_title_line_2":"","_funobi_promise_body":"","_funobi_promise_cta_text":"","_funobi_promise_cta_url":"","_funobi_extra_content_enabled":"0","_funobi_bundles":[],"_funobi_apps":[],"_funobi_reviews":[],"_funobi_faqs":[],"_funobi_promise_items":[],"footnotes":""},"class_list":["post-337","page","type-page","status-publish","hentry"],"_links":{"self":[{"href":"https:\/\/funobi.com\/it\/wp-json\/wp\/v2\/pages\/337","targetHints":{"allow":["GET"]}}],"collection":[{"href":"https:\/\/funobi.com\/it\/wp-json\/wp\/v2\/pages"}],"about":[{"href":"https:\/\/funobi.com\/it\/wp-json\/wp\/v2\/types\/page"}],"author":[{"embeddable":true,"href":"https:\/\/funobi.com\/it\/wp-json\/wp\/v2\/users\/1"}],"replies":[{"embeddable":true,"href":"https:\/\/funobi.com\/it\/wp-json\/wp\/v2\/comments?post=337"}],"version-history":[{"count":3,"href":"https:\/\/funobi.com\/it\/wp-json\/wp\/v2\/pages\/337\/revisions"}],"predecessor-version":[{"id":573,"href":"https:\/\/funobi.com\/it\/wp-json\/wp\/v2\/pages\/337\/revisions\/573"}],"wp:attachment":[{"href":"https:\/\/funobi.com\/it\/wp-json\/wp\/v2\/media?parent=337"}],"curies":[{"name":"wp","href":"https:\/\/api.w.org\/{rel}","templated":true}]}}