{"id":76,"date":"2026-04-18T08:45:27","date_gmt":"2026-04-18T08:45:27","guid":{"rendered":"http:\/\/funobi-75-141-196-227.traefik.me\/?page_id=76"},"modified":"2026-04-30T23:58:48","modified_gmt":"2026-04-30T23:58:48","slug":"informazioni-su-funobi","status":"publish","type":"page","link":"https:\/\/funobi.com\/it\/informazioni-su-funobi\/","title":{"rendered":"Su Funobi"},"content":{"rendered":"\n<div class=\"wp-block-group is-style-funobi-panel is-layout-constrained wp-block-group-is-layout-constrained\">\n<p class=\"funobi-kicker\">La nostra missione<\/p>\n\n\n\n<h2 class=\"wp-block-heading\">Creiamo mondi sandbox creativi per costruttori di ogni et\u00e0.<\/h2>\n\n\n\n<p>Creiamo app divertenti per iPhone e iPad che ti permettono di assemblare binari, strade, montagne russe e piccoli mondi al tuo ritmo. L&#8217;obiettivo \u00e8 semplice: tempo davanti allo schermo senza pubblicit\u00e0 che sembra pi\u00f9 una scatola di giocattoli che un labirinto monetizzato.<\/p>\n<\/div>\n\n\n\n<div class=\"wp-block-columns is-style-funobi-cards is-layout-flex wp-container-core-columns-is-layout-9d6595d7 wp-block-columns-is-layout-flex\">\n<div class=\"wp-block-column is-layout-flow wp-block-column-is-layout-flow\">\n<h3 class=\"wp-block-heading\">Senza pubblicit\u00e0 di default<\/h3>\n\n\n\n<p>Nessuna pubblicit\u00e0, nessuna vendita aggiuntiva, nessun gioco interrotto.<\/p>\n<\/div>\n\n\n\n<div class=\"wp-block-column is-layout-flow wp-block-column-is-layout-flow\">\n<h3 class=\"wp-block-heading\">Fatto per i costruttori<\/h3>\n\n\n\n<p>Ogni app Funobi inizia con pezzi grandi, controlli indulgenti e spazio per sperimentare.<\/p>\n<\/div>\n\n\n\n<div class=\"wp-block-column is-layout-flow wp-block-column-is-layout-flow\">\n<h3 class=\"wp-block-heading\">Tempo sullo schermo pi\u00f9 tranquillo<\/h3>\n\n\n\n<p>Puoi armeggiare, ricostruire e percorrere ci\u00f2 che hai creato senza pressione o rumore.<\/p>\n<\/div>\n<\/div>\n\n\n\n<div class=\"wp-block-group funobi-pattern-band is-layout-constrained wp-block-group-is-layout-constrained\">\n<p class=\"funobi-kicker\">Cosa aspettarsi<\/p>\n\n\n\n<h2 class=\"wp-block-heading\">App amichevoli, regole semplici e tanto spazio per esplorare.<\/h2>\n\n\n\n<ul class=\"wp-block-list\">\n<li>Progettato per costruttori dai 3 anni<\/li>\n\n\n\n<li>Funziona magnificamente per il gioco indipendente e il co-play<\/li>\n\n\n\n<li>Fatto per iPhone e iPad con un semplice modello di pagamento una tantum<\/li>\n<\/ul>\n<\/div>\n\n\n\n<p><\/p>\n","protected":false},"excerpt":{"rendered":"<p>Scopri il piccolo studio dietro le app di costruzione senza pubblicit\u00e0 di Funobi per bambini curiosi.<\/p>\n","protected":false},"author":1,"featured_media":0,"parent":0,"menu_order":0,"comment_status":"closed","ping_status":"open","template":"","meta":{"_funobi_announcement_enabled":"0","_funobi_announcement_text":"","_funobi_announcement_link_label":"","_funobi_announcement_link_url":"","_funobi_hero_eyebrow":"","_funobi_hero_title_line_1":"","_funobi_hero_title_line_2":"","_funobi_hero_title_emphasis":"","_funobi_hero_lead_line_1":"","_funobi_hero_lead_line_2":"","_funobi_hero_sticker_line_1":"","_funobi_hero_sticker_line_2":"","_funobi_bundles_title":"","_funobi_collection_eyebrow":"","_funobi_collection_title_line_1":"","_funobi_collection_title_line_2":"","_funobi_collection_intro":"","_funobi_build_eyebrow":"","_funobi_build_title_line_1":"","_funobi_build_title_line_2":"","_funobi_build_title_line_3":"","_funobi_build_intro":"","_funobi_build_step_1":"","_funobi_build_step_2":"","_funobi_build_step_3":"","_funobi_reviews_eyebrow":"","_funobi_reviews_title_line_1":"","_funobi_reviews_title_line_2":"","_funobi_reviews_intro":"","_funobi_stats_1_value":"","_funobi_stats_1_label":"","_funobi_stats_2_value":"","_funobi_stats_2_label":"","_funobi_stats_3_value":"","_funobi_stats_3_label":"","_funobi_stats_4_value":"","_funobi_stats_4_label":"","_funobi_parents_eyebrow":"","_funobi_parents_title_line_1":"","_funobi_parents_title_line_2":"","_funobi_parents_title_line_3":"","_funobi_promise_eyebrow":"","_funobi_promise_title_line_1":"","_funobi_promise_title_line_2":"","_funobi_promise_body":"","_funobi_promise_cta_text":"","_funobi_promise_cta_url":"","_funobi_extra_content_enabled":"0","_funobi_bundles":[],"_funobi_apps":[],"_funobi_reviews":[],"_funobi_faqs":[],"_funobi_promise_items":[],"footnotes":""},"class_list":["post-76","page","type-page","status-publish","hentry"],"_links":{"self":[{"href":"https:\/\/funobi.com\/it\/wp-json\/wp\/v2\/pages\/76","targetHints":{"allow":["GET"]}}],"collection":[{"href":"https:\/\/funobi.com\/it\/wp-json\/wp\/v2\/pages"}],"about":[{"href":"https:\/\/funobi.com\/it\/wp-json\/wp\/v2\/types\/page"}],"author":[{"embeddable":true,"href":"https:\/\/funobi.com\/it\/wp-json\/wp\/v2\/users\/1"}],"replies":[{"embeddable":true,"href":"https:\/\/funobi.com\/it\/wp-json\/wp\/v2\/comments?post=76"}],"version-history":[{"count":3,"href":"https:\/\/funobi.com\/it\/wp-json\/wp\/v2\/pages\/76\/revisions"}],"predecessor-version":[{"id":484,"href":"https:\/\/funobi.com\/it\/wp-json\/wp\/v2\/pages\/76\/revisions\/484"}],"wp:attachment":[{"href":"https:\/\/funobi.com\/it\/wp-json\/wp\/v2\/media?parent=76"}],"curies":[{"name":"wp","href":"https:\/\/api.w.org\/{rel}","templated":true}]}}