{"id":116,"date":"2026-04-18T09:27:29","date_gmt":"2026-04-18T09:27:29","guid":{"rendered":"http:\/\/funobi-75-141-196-227.traefik.me\/train-kit\/"},"modified":"2026-04-30T23:58:55","modified_gmt":"2026-04-30T23:58:55","slug":"train-kit","status":"publish","type":"page","link":"https:\/\/funobi.com\/pt-br\/train-kit\/","title":{"rendered":"Train Kit"},"content":{"rendered":"\n<h2 class=\"wp-block-heading\">Construa um mundo ferrovi\u00e1rio, depois suba na locomotiva e dirija o que voc\u00ea criou.<\/h2>\n\n\n\n<p>Train Kit \u00e9 o app de constru\u00e7\u00e3o sandbox original da Funobi para iPhone e iPad, feito para construtores curiosos a partir de 3 anos, sem an\u00fancios, sem compras no app e com um simples modelo de pagamento \u00fanico.<\/p>\n\n\n\n<div class=\"wp-block-columns is-layout-flex wp-container-core-columns-is-layout-9d6595d7 wp-block-columns-is-layout-flex\">\n<div class=\"wp-block-column is-layout-flow wp-block-column-is-layout-flow\">\n<h3 class=\"wp-block-heading\">Estenda os trilhos<\/h3>\n\n\n\n<p>Encaixe retas, curvas, t\u00faneis, pontes e desvios para fazer qualquer coisa, de um pequeno loop a um glorioso labirinto ferrovi\u00e1rio emaranhado.<\/p>\n<\/div>\n\n\n\n<div class=\"wp-block-column is-layout-flow wp-block-column-is-layout-flow\">\n<h3 class=\"wp-block-heading\">Decore o mundo<\/h3>\n\n\n\n<p>Coloque esta\u00e7\u00f5es, casas, fazendas, \u00e1rvores e lagos. A grade tolerante mant\u00e9m a constru\u00e7\u00e3o divertida em vez de complicada.<\/p>\n<\/div>\n\n\n\n<div class=\"wp-block-column is-layout-flow wp-block-column-is-layout-flow\">\n<h3 class=\"wp-block-heading\">Dirija o trem<\/h3>\n\n\n\n<p>Mude para a vista do Passageiro e percorra o mundo exato que voc\u00ea acabou de construir. Parece dar vida a um jogo de constru\u00e7\u00e3o.<\/p>\n<\/div>\n<\/div>\n\n\n\n<h2 class=\"wp-block-heading\">Bom para fam\u00edlias<\/h2>\n\n\n\n<ul class=\"wp-block-list\">\n<li>Sem an\u00fancios ou compras no app<\/li>\n\n\n\n<li>Funciona offline ap\u00f3s a instala\u00e7\u00e3o<\/li>\n\n\n\n<li>Indicado para crian\u00e7as a partir de 3 anos<\/li>\n\n\n\n<li>Compra \u00fanica simples<\/li>\n<\/ul>\n","protected":false},"excerpt":{"rendered":"<p>O app ferrovi\u00e1rio principal da Funobi para construir e dirigir, a partir de 3 anos: divertido, sem an\u00fancios e f\u00e1cil de explorar no iPhone e iPad.<\/p>\n","protected":false},"author":1,"featured_media":0,"parent":0,"menu_order":0,"comment_status":"closed","ping_status":"closed","template":"page-template-app-landing.php","meta":{"_funobi_announcement_enabled":"0","_funobi_announcement_text":"","_funobi_announcement_link_label":"","_funobi_announcement_link_url":"","_funobi_hero_eyebrow":"","_funobi_hero_title_line_1":"","_funobi_hero_title_line_2":"","_funobi_hero_title_emphasis":"","_funobi_hero_lead_line_1":"","_funobi_hero_lead_line_2":"","_funobi_hero_sticker_line_1":"","_funobi_hero_sticker_line_2":"","_funobi_bundles_title":"","_funobi_collection_eyebrow":"","_funobi_collection_title_line_1":"","_funobi_collection_title_line_2":"","_funobi_collection_intro":"","_funobi_build_eyebrow":"","_funobi_build_title_line_1":"","_funobi_build_title_line_2":"","_funobi_build_title_line_3":"","_funobi_build_intro":"","_funobi_build_step_1":"","_funobi_build_step_2":"","_funobi_build_step_3":"","_funobi_reviews_eyebrow":"","_funobi_reviews_title_line_1":"","_funobi_reviews_title_line_2":"","_funobi_reviews_intro":"","_funobi_stats_1_value":"","_funobi_stats_1_label":"","_funobi_stats_2_value":"","_funobi_stats_2_label":"","_funobi_stats_3_value":"","_funobi_stats_3_label":"","_funobi_stats_4_value":"","_funobi_stats_4_label":"","_funobi_parents_eyebrow":"","_funobi_parents_title_line_1":"","_funobi_parents_title_line_2":"","_funobi_parents_title_line_3":"","_funobi_promise_eyebrow":"","_funobi_promise_title_line_1":"","_funobi_promise_title_line_2":"","_funobi_promise_body":"","_funobi_promise_cta_text":"","_funobi_promise_cta_url":"","_funobi_extra_content_enabled":"0","_funobi_bundles":[],"_funobi_apps":[],"_funobi_reviews":[],"_funobi_faqs":[],"_funobi_promise_items":[],"footnotes":""},"class_list":["post-116","page","type-page","status-publish","hentry"],"_links":{"self":[{"href":"https:\/\/funobi.com\/pt-br\/wp-json\/wp\/v2\/pages\/116","targetHints":{"allow":["GET"]}}],"collection":[{"href":"https:\/\/funobi.com\/pt-br\/wp-json\/wp\/v2\/pages"}],"about":[{"href":"https:\/\/funobi.com\/pt-br\/wp-json\/wp\/v2\/types\/page"}],"author":[{"embeddable":true,"href":"https:\/\/funobi.com\/pt-br\/wp-json\/wp\/v2\/users\/1"}],"replies":[{"embeddable":true,"href":"https:\/\/funobi.com\/pt-br\/wp-json\/wp\/v2\/comments?post=116"}],"version-history":[{"count":4,"href":"https:\/\/funobi.com\/pt-br\/wp-json\/wp\/v2\/pages\/116\/revisions"}],"predecessor-version":[{"id":501,"href":"https:\/\/funobi.com\/pt-br\/wp-json\/wp\/v2\/pages\/116\/revisions\/501"}],"wp:attachment":[{"href":"https:\/\/funobi.com\/pt-br\/wp-json\/wp\/v2\/media?parent=116"}],"curies":[{"name":"wp","href":"https:\/\/api.w.org\/{rel}","templated":true}]}}