{"id":311,"date":"2026-04-20T17:54:41","date_gmt":"2026-04-20T17:54:41","guid":{"rendered":"http:\/\/funobi-75-141-196-227.traefik.me\/car-kit-2\/"},"modified":"2026-04-30T23:59:15","modified_gmt":"2026-04-30T23:59:15","slug":"car-kit-2","status":"publish","type":"page","link":"https:\/\/funobi.com\/pt-br\/car-kit-2\/","title":{"rendered":"Car Kit"},"content":{"rendered":"\n<h2 class=\"wp-block-heading\">Construa uma pequena cidade movimentada, depois assuma o volante e dirija por tudo o que voc\u00ea criou.<\/h2>\n\n\n\n<p>Car Kit transforma a constru\u00e7\u00e3o de estradas em um sandbox alegre para iPhone e iPad. Trace ruas, adicione pontes e pr\u00e9dios, depois envie t\u00e1xis, limousines e caminh\u00f5es de bombeiros rodando pela sua pr\u00f3pria pequena cidade.<\/p>\n\n\n\n<div class=\"wp-block-columns is-layout-flex wp-container-core-columns-is-layout-9d6595d7 wp-block-columns-is-layout-flex\">\n<div class=\"wp-block-column is-layout-flow wp-block-column-is-layout-flow\">\n<h3 class=\"wp-block-heading\">Estenda as estradas<\/h3>\n\n\n\n<p>Encaixe ruas, curvas, cruzamentos e pontes para fazer qualquer coisa, de uma grade de bairro organizada a uma cidade cheia de desvios.<\/p>\n<\/div>\n\n\n\n<div class=\"wp-block-column is-layout-flow wp-block-column-is-layout-flow\">\n<h3 class=\"wp-block-heading\">Construa a cidade<\/h3>\n\n\n\n<p>Coloque pr\u00e9dios e detalhes urbanos para transformar o layout de estradas em um lugar que pare\u00e7a vivo, divertido e pronto para mais uma viagem pela cidade.<\/p>\n<\/div>\n\n\n\n<div class=\"wp-block-column is-layout-flow wp-block-column-is-layout-flow\">\n<h3 class=\"wp-block-heading\">Dirija os ve\u00edculos<\/h3>\n\n\n\n<p>Mude de vista e percorra as ruas exatas que voc\u00ea acabou de construir, seja para dar uma volta de t\u00e1xi, limousine ou caminh\u00e3o de bombeiros.<\/p>\n<\/div>\n<\/div>\n\n\n\n<h2 class=\"wp-block-heading\">Bom para fam\u00edlias<\/h2>\n\n\n\n<ul class=\"wp-block-list\">\n<li>Controles touch f\u00e1ceis para pequenos construtores<\/li>\n\n\n<li>Jogo de constru\u00e7\u00e3o de cidades que recompensa a experimenta\u00e7\u00e3o<\/li>\n\n\n<li>Feito para sess\u00f5es repetidas e criatividade livre<\/li>\n\n\n<li>Um mundo alegre para construir, dirigir e reconstruir<\/li>\n<\/ul>\n","protected":false},"excerpt":{"rendered":"<p>Construa uma pequena cidade movimentada, depois assuma o volante e dirija por tudo o que voc\u00ea criou. Car Kit transforma a constru\u00e7\u00e3o de estradas em um sandbox alegre para iPhone e iPad. Trace ruas, adicione pontes e pr\u00e9dios, depois envie t\u00e1xis, limousines e caminh\u00f5es de bombeiros rodando pela sua pr\u00f3pria pequena cidade. Estenda as estradas [&hellip;]<\/p>\n","protected":false},"author":1,"featured_media":0,"parent":0,"menu_order":0,"comment_status":"closed","ping_status":"closed","template":"page-template-app-landing.php","meta":{"_funobi_announcement_enabled":"0","_funobi_announcement_text":"","_funobi_announcement_link_label":"","_funobi_announcement_link_url":"","_funobi_hero_eyebrow":"","_funobi_hero_title_line_1":"","_funobi_hero_title_line_2":"","_funobi_hero_title_emphasis":"","_funobi_hero_lead_line_1":"","_funobi_hero_lead_line_2":"","_funobi_hero_sticker_line_1":"","_funobi_hero_sticker_line_2":"","_funobi_bundles_title":"","_funobi_collection_eyebrow":"","_funobi_collection_title_line_1":"","_funobi_collection_title_line_2":"","_funobi_collection_intro":"","_funobi_build_eyebrow":"","_funobi_build_title_line_1":"","_funobi_build_title_line_2":"","_funobi_build_title_line_3":"","_funobi_build_intro":"","_funobi_build_step_1":"","_funobi_build_step_2":"","_funobi_build_step_3":"","_funobi_reviews_eyebrow":"","_funobi_reviews_title_line_1":"","_funobi_reviews_title_line_2":"","_funobi_reviews_intro":"","_funobi_stats_1_value":"","_funobi_stats_1_label":"","_funobi_stats_2_value":"","_funobi_stats_2_label":"","_funobi_stats_3_value":"","_funobi_stats_3_label":"","_funobi_stats_4_value":"","_funobi_stats_4_label":"","_funobi_parents_eyebrow":"","_funobi_parents_title_line_1":"","_funobi_parents_title_line_2":"","_funobi_parents_title_line_3":"","_funobi_promise_eyebrow":"","_funobi_promise_title_line_1":"","_funobi_promise_title_line_2":"","_funobi_promise_body":"","_funobi_promise_cta_text":"","_funobi_promise_cta_url":"","_funobi_extra_content_enabled":"0","_funobi_bundles":[],"_funobi_apps":[],"_funobi_reviews":[],"_funobi_faqs":[],"_funobi_promise_items":[],"footnotes":""},"class_list":["post-311","page","type-page","status-publish","hentry"],"_links":{"self":[{"href":"https:\/\/funobi.com\/pt-br\/wp-json\/wp\/v2\/pages\/311","targetHints":{"allow":["GET"]}}],"collection":[{"href":"https:\/\/funobi.com\/pt-br\/wp-json\/wp\/v2\/pages"}],"about":[{"href":"https:\/\/funobi.com\/pt-br\/wp-json\/wp\/v2\/types\/page"}],"author":[{"embeddable":true,"href":"https:\/\/funobi.com\/pt-br\/wp-json\/wp\/v2\/users\/1"}],"replies":[{"embeddable":true,"href":"https:\/\/funobi.com\/pt-br\/wp-json\/wp\/v2\/comments?post=311"}],"version-history":[{"count":2,"href":"https:\/\/funobi.com\/pt-br\/wp-json\/wp\/v2\/pages\/311\/revisions"}],"predecessor-version":[{"id":547,"href":"https:\/\/funobi.com\/pt-br\/wp-json\/wp\/v2\/pages\/311\/revisions\/547"}],"wp:attachment":[{"href":"https:\/\/funobi.com\/pt-br\/wp-json\/wp\/v2\/media?parent=311"}],"curies":[{"name":"wp","href":"https:\/\/api.w.org\/{rel}","templated":true}]}}