{"id":329,"date":"2026-04-20T17:54:42","date_gmt":"2026-04-20T17:54:42","guid":{"rendered":"http:\/\/funobi-75-141-196-227.traefik.me\/monster-truck-kit-2\/"},"modified":"2026-04-30T23:59:22","modified_gmt":"2026-04-30T23:59:22","slug":"monster-truck-kit-2","status":"publish","type":"page","link":"https:\/\/funobi.com\/pt-br\/monster-truck-kit-2\/","title":{"rendered":"Monster Truck Kit"},"content":{"rendered":"\n<h2 class=\"wp-block-heading\">Construa circuitos de manobras enormes, depois deixe os monster trucks saltarem, baterem e troarem em um jogo gloriosamente bagun\u00e7ado.<\/h2>\n\n\n\n<p>Grandes saltos, grande lama, grandes batidas. Tamp\u00f5es de ouvido n\u00e3o inclusos.<\/p>\n\n\n\n<div class=\"wp-block-columns is-layout-flex wp-container-core-columns-is-layout-9d6595d7 wp-block-columns-is-layout-flex\">\n<div class=\"wp-block-column is-layout-flow wp-block-column-is-layout-flow\">\n<h3 class=\"wp-block-heading\">Construir<\/h3>\n\n\n\n<p>Crie cenas pe\u00e7a por pe\u00e7a com controles simples que fazem experimentar parecer divertido em vez de complicado.<\/p>\n<\/div>\n\n\n\n<div class=\"wp-block-column is-layout-flow wp-block-column-is-layout-flow\">\n<h3 class=\"wp-block-heading\">Dirigir<\/h3>\n\n\n\n<p>Aproxime o zoom no mundo e aproveite os pequenos ve\u00edculos, trilhos ou passeios da vis\u00e3o de uma crian\u00e7a, o que faz os apps da Funobi parecerem vivos.<\/p>\n<\/div>\n\n\n\n<div class=\"wp-block-column is-layout-flow wp-block-column-is-layout-flow\">\n<h3 class=\"wp-block-heading\">Jogar de novo<\/h3>\n\n\n\n<p>Volte por novos layouts, novas hist\u00f3rias e aquele tipo de jogo repetido e tranquilo que funciona bem em casa ou em movimento.<\/p>\n<\/div>\n<\/div>\n\n\n\n<h2 class=\"wp-block-heading\">Bom para fam\u00edlias<\/h2>\n\n\n\n<ul class=\"wp-block-list\">\n<li>Jogo de constru\u00e7\u00e3o alegre e acess\u00edvel<\/li>\n\n\n<li>Feito para crian\u00e7as curiosas e adultos mais tranquilos<\/li>\n\n\n<li>F\u00e1cil de revisitar para sess\u00f5es r\u00e1pidas ou grandes cria\u00e7\u00f5es<\/li>\n<\/ul>\n","protected":false},"excerpt":{"rendered":"<p>Construa circuitos de manobras enormes, depois deixe os monster trucks saltarem, baterem e troarem em um jogo gloriosamente bagun\u00e7ado. Grandes saltos, grande lama, grandes batidas. Tamp\u00f5es de ouvido n\u00e3o inclusos. Construir Crie cenas pe\u00e7a por pe\u00e7a com controles simples que fazem experimentar parecer divertido em vez de complicado. Dirigir Aproxime o zoom no mundo e [&hellip;]<\/p>\n","protected":false},"author":1,"featured_media":0,"parent":0,"menu_order":0,"comment_status":"closed","ping_status":"closed","template":"page-template-app-landing.php","meta":{"_funobi_announcement_enabled":"0","_funobi_announcement_text":"","_funobi_announcement_link_label":"","_funobi_announcement_link_url":"","_funobi_hero_eyebrow":"","_funobi_hero_title_line_1":"","_funobi_hero_title_line_2":"","_funobi_hero_title_emphasis":"","_funobi_hero_lead_line_1":"","_funobi_hero_lead_line_2":"","_funobi_hero_sticker_line_1":"","_funobi_hero_sticker_line_2":"","_funobi_bundles_title":"","_funobi_collection_eyebrow":"","_funobi_collection_title_line_1":"","_funobi_collection_title_line_2":"","_funobi_collection_intro":"","_funobi_build_eyebrow":"","_funobi_build_title_line_1":"","_funobi_build_title_line_2":"","_funobi_build_title_line_3":"","_funobi_build_intro":"","_funobi_build_step_1":"","_funobi_build_step_2":"","_funobi_build_step_3":"","_funobi_reviews_eyebrow":"","_funobi_reviews_title_line_1":"","_funobi_reviews_title_line_2":"","_funobi_reviews_intro":"","_funobi_stats_1_value":"","_funobi_stats_1_label":"","_funobi_stats_2_value":"","_funobi_stats_2_label":"","_funobi_stats_3_value":"","_funobi_stats_3_label":"","_funobi_stats_4_value":"","_funobi_stats_4_label":"","_funobi_parents_eyebrow":"","_funobi_parents_title_line_1":"","_funobi_parents_title_line_2":"","_funobi_parents_title_line_3":"","_funobi_promise_eyebrow":"","_funobi_promise_title_line_1":"","_funobi_promise_title_line_2":"","_funobi_promise_body":"","_funobi_promise_cta_text":"","_funobi_promise_cta_url":"","_funobi_extra_content_enabled":"0","_funobi_bundles":[],"_funobi_apps":[],"_funobi_reviews":[],"_funobi_faqs":[],"_funobi_promise_items":[],"footnotes":""},"class_list":["post-329","page","type-page","status-publish","hentry"],"_links":{"self":[{"href":"https:\/\/funobi.com\/pt-br\/wp-json\/wp\/v2\/pages\/329","targetHints":{"allow":["GET"]}}],"collection":[{"href":"https:\/\/funobi.com\/pt-br\/wp-json\/wp\/v2\/pages"}],"about":[{"href":"https:\/\/funobi.com\/pt-br\/wp-json\/wp\/v2\/types\/page"}],"author":[{"embeddable":true,"href":"https:\/\/funobi.com\/pt-br\/wp-json\/wp\/v2\/users\/1"}],"replies":[{"embeddable":true,"href":"https:\/\/funobi.com\/pt-br\/wp-json\/wp\/v2\/comments?post=329"}],"version-history":[{"count":2,"href":"https:\/\/funobi.com\/pt-br\/wp-json\/wp\/v2\/pages\/329\/revisions"}],"predecessor-version":[{"id":565,"href":"https:\/\/funobi.com\/pt-br\/wp-json\/wp\/v2\/pages\/329\/revisions\/565"}],"wp:attachment":[{"href":"https:\/\/funobi.com\/pt-br\/wp-json\/wp\/v2\/media?parent=329"}],"curies":[{"name":"wp","href":"https:\/\/api.w.org\/{rel}","templated":true}]}}