{"id":80,"date":"2026-04-18T08:45:27","date_gmt":"2026-04-18T08:45:27","guid":{"rendered":"http:\/\/funobi-75-141-196-227.traefik.me\/?page_id=80"},"modified":"2026-04-30T23:58:49","modified_gmt":"2026-04-30T23:58:49","slug":"sobre-a-funobi","status":"publish","type":"page","link":"https:\/\/funobi.com\/pt-br\/sobre-a-funobi\/","title":{"rendered":"Sobre a Funobi"},"content":{"rendered":"\n<div class=\"wp-block-group is-style-funobi-panel is-layout-constrained wp-block-group-is-layout-constrained\">\n<p class=\"funobi-kicker\">Nossa miss\u00e3o<\/p>\n\n\n\n<h2 class=\"wp-block-heading\">Criamos mundos sandbox criativos para construtores de qualquer idade.<\/h2>\n\n\n\n<p>Criamos apps divertidos para iPhone e iPad que permitem montar trilhos, estradas, montanhas-russas e pequenos mundos no seu pr\u00f3prio ritmo. O objetivo \u00e9 simples: tempo de tela sem an\u00fancios que parece mais uma caixa de brinquedos do que um labirinto monetizado.<\/p>\n<\/div>\n\n\n\n<div class=\"wp-block-columns is-style-funobi-cards is-layout-flex wp-container-core-columns-is-layout-9d6595d7 wp-block-columns-is-layout-flex\">\n<div class=\"wp-block-column is-layout-flow wp-block-column-is-layout-flow\">\n<h3 class=\"wp-block-heading\">Sem an\u00fancios por padr\u00e3o<\/h3>\n\n\n\n<p>Sem an\u00fancios, sem vendas adicionais, sem jogos interrompidos.<\/p>\n<\/div>\n\n\n\n<div class=\"wp-block-column is-layout-flow wp-block-column-is-layout-flow\">\n<h3 class=\"wp-block-heading\">Feito para construtores<\/h3>\n\n\n\n<p>Cada app da Funobi come\u00e7a com pe\u00e7as grandes, controles tolerantes e espa\u00e7o para experimentar.<\/p>\n<\/div>\n\n\n\n<div class=\"wp-block-column is-layout-flow wp-block-column-is-layout-flow\">\n<h3 class=\"wp-block-heading\">Tempo de tela mais tranquilo<\/h3>\n\n\n\n<p>Voc\u00ea pode experimentar, reconstruir e passear pelo que criou sem press\u00e3o ou barulho.<\/p>\n<\/div>\n<\/div>\n\n\n\n<div class=\"wp-block-group funobi-pattern-band is-layout-constrained wp-block-group-is-layout-constrained\">\n<p class=\"funobi-kicker\">O que esperar<\/p>\n\n\n\n<h2 class=\"wp-block-heading\">Apps amig\u00e1veis, regras simples e muito espa\u00e7o para explorar.<\/h2>\n\n\n\n<ul class=\"wp-block-list\">\n<li>Projetado para construtores a partir de 3 anos<\/li>\n\n\n\n<li>Funciona lindamente para jogos independentes e compartilhados<\/li>\n\n\n\n<li>Feito para iPhone e iPad com um simples modelo de pagamento \u00fanico<\/li>\n<\/ul>\n<\/div>\n\n\n\n<p><\/p>\n","protected":false},"excerpt":{"rendered":"<p>Conhe\u00e7a o pequeno est\u00fadio por tr\u00e1s dos apps de constru\u00e7\u00e3o sem an\u00fancios da Funobi para crian\u00e7as curiosas.<\/p>\n","protected":false},"author":1,"featured_media":0,"parent":0,"menu_order":0,"comment_status":"closed","ping_status":"open","template":"","meta":{"_funobi_announcement_enabled":"0","_funobi_announcement_text":"","_funobi_announcement_link_label":"","_funobi_announcement_link_url":"","_funobi_hero_eyebrow":"","_funobi_hero_title_line_1":"","_funobi_hero_title_line_2":"","_funobi_hero_title_emphasis":"","_funobi_hero_lead_line_1":"","_funobi_hero_lead_line_2":"","_funobi_hero_sticker_line_1":"","_funobi_hero_sticker_line_2":"","_funobi_bundles_title":"","_funobi_collection_eyebrow":"","_funobi_collection_title_line_1":"","_funobi_collection_title_line_2":"","_funobi_collection_intro":"","_funobi_build_eyebrow":"","_funobi_build_title_line_1":"","_funobi_build_title_line_2":"","_funobi_build_title_line_3":"","_funobi_build_intro":"","_funobi_build_step_1":"","_funobi_build_step_2":"","_funobi_build_step_3":"","_funobi_reviews_eyebrow":"","_funobi_reviews_title_line_1":"","_funobi_reviews_title_line_2":"","_funobi_reviews_intro":"","_funobi_stats_1_value":"","_funobi_stats_1_label":"","_funobi_stats_2_value":"","_funobi_stats_2_label":"","_funobi_stats_3_value":"","_funobi_stats_3_label":"","_funobi_stats_4_value":"","_funobi_stats_4_label":"","_funobi_parents_eyebrow":"","_funobi_parents_title_line_1":"","_funobi_parents_title_line_2":"","_funobi_parents_title_line_3":"","_funobi_promise_eyebrow":"","_funobi_promise_title_line_1":"","_funobi_promise_title_line_2":"","_funobi_promise_body":"","_funobi_promise_cta_text":"","_funobi_promise_cta_url":"","_funobi_extra_content_enabled":"0","_funobi_bundles":[],"_funobi_apps":[],"_funobi_reviews":[],"_funobi_faqs":[],"_funobi_promise_items":[],"footnotes":""},"class_list":["post-80","page","type-page","status-publish","hentry"],"_links":{"self":[{"href":"https:\/\/funobi.com\/pt-br\/wp-json\/wp\/v2\/pages\/80","targetHints":{"allow":["GET"]}}],"collection":[{"href":"https:\/\/funobi.com\/pt-br\/wp-json\/wp\/v2\/pages"}],"about":[{"href":"https:\/\/funobi.com\/pt-br\/wp-json\/wp\/v2\/types\/page"}],"author":[{"embeddable":true,"href":"https:\/\/funobi.com\/pt-br\/wp-json\/wp\/v2\/users\/1"}],"replies":[{"embeddable":true,"href":"https:\/\/funobi.com\/pt-br\/wp-json\/wp\/v2\/comments?post=80"}],"version-history":[{"count":3,"href":"https:\/\/funobi.com\/pt-br\/wp-json\/wp\/v2\/pages\/80\/revisions"}],"predecessor-version":[{"id":486,"href":"https:\/\/funobi.com\/pt-br\/wp-json\/wp\/v2\/pages\/80\/revisions\/486"}],"wp:attachment":[{"href":"https:\/\/funobi.com\/pt-br\/wp-json\/wp\/v2\/media?parent=80"}],"curies":[{"name":"wp","href":"https:\/\/api.w.org\/{rel}","templated":true}]}}