{"id":98,"date":"2026-04-18T08:45:27","date_gmt":"2026-04-18T08:45:27","guid":{"rendered":"http:\/\/funobi-75-141-196-227.traefik.me\/?page_id=98"},"modified":"2026-04-30T21:36:02","modified_gmt":"2026-04-30T21:36:02","slug":"politica-de-privacidade","status":"publish","type":"page","link":"https:\/\/funobi.com\/pt-br\/politica-de-privacidade\/","title":{"rendered":"Pol\u00edtica de privacidade"},"content":{"rendered":"\n<h2 class=\"wp-block-heading\">Privacidade sem surpresas<\/h2>\n\n\n\n<p>A Funobi cria apps ludoeducativos pagos com um objetivo simples: jogar tranquilamente sem rastreamento invasivo. N\u00e3o usamos an\u00fancios dentro dos nossos apps, nem constru\u00edmos nossos produtos em torno da coleta de dados.<\/p>\n\n\n\n<h3 class=\"wp-block-heading\">O que coletamos<\/h3>\n\n\n\n<p>Nosso site pode receber logs de servidor padr\u00e3o e dados de administra\u00e7\u00e3o do WordPress necess\u00e1rios para executar este site de desenvolvimento. Nossos apps s\u00e3o projetados para evitar a coleta desnecess\u00e1ria de dados pessoais.<\/p>\n\n\n\n<h3 class=\"wp-block-heading\">Crian\u00e7as e fam\u00edlias<\/h3>\n\n\n\n<p>Os produtos da Funobi s\u00e3o feitos para fam\u00edlias. Se voc\u00ea tiver alguma d\u00favida sobre privacidade, entre em contato com o est\u00fadio antes de compartilhar informa\u00e7\u00f5es pessoais pelo site.<\/p>\n\n\n\n<h3 class=\"wp-block-heading\">Contato<\/h3>\n\n\n\n<p>Perguntas sobre privacidade podem ser direcionadas atrav\u00e9s dos dados de contato da Funobi publicados neste site.<\/p>\n","protected":false},"excerpt":{"rendered":"<p>Como a Funobi lida com privacidade, coleta de dados e uso familiar dos apps.<\/p>\n","protected":false},"author":1,"featured_media":0,"parent":0,"menu_order":0,"comment_status":"closed","ping_status":"open","template":"","meta":{"_funobi_announcement_enabled":"0","_funobi_announcement_text":"","_funobi_announcement_link_label":"","_funobi_announcement_link_url":"","_funobi_hero_eyebrow":"","_funobi_hero_title_line_1":"","_funobi_hero_title_line_2":"","_funobi_hero_title_emphasis":"","_funobi_hero_lead_line_1":"","_funobi_hero_lead_line_2":"","_funobi_hero_sticker_line_1":"","_funobi_hero_sticker_line_2":"","_funobi_bundles_title":"","_funobi_collection_eyebrow":"","_funobi_collection_title_line_1":"","_funobi_collection_title_line_2":"","_funobi_collection_intro":"","_funobi_build_eyebrow":"","_funobi_build_title_line_1":"","_funobi_build_title_line_2":"","_funobi_build_title_line_3":"","_funobi_build_intro":"","_funobi_build_step_1":"","_funobi_build_step_2":"","_funobi_build_step_3":"","_funobi_reviews_eyebrow":"","_funobi_reviews_title_line_1":"","_funobi_reviews_title_line_2":"","_funobi_reviews_intro":"","_funobi_stats_1_value":"","_funobi_stats_1_label":"","_funobi_stats_2_value":"","_funobi_stats_2_label":"","_funobi_stats_3_value":"","_funobi_stats_3_label":"","_funobi_stats_4_value":"","_funobi_stats_4_label":"","_funobi_parents_eyebrow":"","_funobi_parents_title_line_1":"","_funobi_parents_title_line_2":"","_funobi_parents_title_line_3":"","_funobi_promise_eyebrow":"","_funobi_promise_title_line_1":"","_funobi_promise_title_line_2":"","_funobi_promise_body":"","_funobi_promise_cta_text":"","_funobi_promise_cta_url":"","_funobi_extra_content_enabled":"0","_funobi_bundles":[],"_funobi_apps":[],"_funobi_reviews":[],"_funobi_faqs":[],"_funobi_promise_items":[],"footnotes":""},"class_list":["post-98","page","type-page","status-publish","hentry"],"_links":{"self":[{"href":"https:\/\/funobi.com\/pt-br\/wp-json\/wp\/v2\/pages\/98","targetHints":{"allow":["GET"]}}],"collection":[{"href":"https:\/\/funobi.com\/pt-br\/wp-json\/wp\/v2\/pages"}],"about":[{"href":"https:\/\/funobi.com\/pt-br\/wp-json\/wp\/v2\/types\/page"}],"author":[{"embeddable":true,"href":"https:\/\/funobi.com\/pt-br\/wp-json\/wp\/v2\/users\/1"}],"replies":[{"embeddable":true,"href":"https:\/\/funobi.com\/pt-br\/wp-json\/wp\/v2\/comments?post=98"}],"version-history":[{"count":3,"href":"https:\/\/funobi.com\/pt-br\/wp-json\/wp\/v2\/pages\/98\/revisions"}],"predecessor-version":[{"id":479,"href":"https:\/\/funobi.com\/pt-br\/wp-json\/wp\/v2\/pages\/98\/revisions\/479"}],"wp:attachment":[{"href":"https:\/\/funobi.com\/pt-br\/wp-json\/wp\/v2\/media?parent=98"}],"curies":[{"name":"wp","href":"https:\/\/api.w.org\/{rel}","templated":true}]}}